{"id":515,"date":"2023-11-24T12:19:28","date_gmt":"2023-11-24T12:19:28","guid":{"rendered":"https:\/\/cleopatra.travel\/allgemeine-geschaeftsbedingungen\/"},"modified":"2023-11-24T12:19:28","modified_gmt":"2023-11-24T12:19:28","slug":"allgemeine-geschaeftsbedingungen","status":"publish","type":"page","link":"https:\/\/cleopatra.travel\/de\/allgemeine-geschaeftsbedingungen\/","title":{"rendered":"Allgemeine Gesch\u00e4ftsbedingungen"},"content":{"rendered":"<h3><strong> <\/strong><strong><u>Zahlung:<\/u><\/strong><\/h3>\n<p>Nach dem Absenden Ihrer Anfrage wird der Unternehmensvertreter die endg\u00fcltige Vereinbarung mit Ihnen besprechen und finalisieren und Ihnen die endg\u00fcltige Best\u00e4tigung zusenden. 50 % m\u00fcssen 48 Stunden vor Anreise bezahlt werden und die anderen 50 % werden nach Best\u00e4tigung hinterlegt. Anschlie\u00dfend m\u00fcssen Sie diese Angaben best\u00e4tigen und die korrekte Anzahlung\/Zahlung leisten. Wie in Ihren Angaben besprochen, per Kreditkarte oder per \u00dcberweisung auf das Firmenkonto, und automatisch wird Ihr Platz gesichert.<\/p>\n<h3><strong><u>Stornierungsbedingungen (ausgenommen Hauptreisezeiten)<\/u><\/strong><\/h3>\n<ul>\n<li><strong>Falls Sie sich entscheiden, Ihre Reise zu stornieren, werden folgende Geb\u00fchren erhoben:<br \/>\n<\/strong>&#8211; Vom Buchungsdatum bis 61 Tage vor Ihrem Anreisedatum werden 15 % des gesamten Reisepreises berechnet.<br \/>\n&#8211; 35 % des Reisepreises bei Stornierung zwischen 61 und 90 Tagen vor Anreise.<br \/>\n&#8211; 50 % des Reisepreises bei Stornierung zwischen 60 und 41 Tagen vor Anreise.<br \/>\n&#8211; 100 % des Reisepreises bei Stornierung 40 Tage oder weniger vor Anreise.<br \/>\nZus\u00e4tzlich unterliegen Fluggesellschaftsgeb\u00fchren den Gesch\u00e4ftsbedingungen der Fluggesellschaften, und es f\u00e4llt au\u00dferdem eine Bankgeb\u00fchr von 5 % auf R\u00fcckerstattungen an.<\/li>\n<\/ul>\n<h3><strong><u>Stornierungsgeb\u00fchren f\u00fcr Weihnachts-, Neujahrs- und Osterferien<\/u><\/strong><\/h3>\n<p>Falls Sie sich entscheiden, Ihre Reise zu stornieren, werden folgende Geb\u00fchren erhoben:<br \/>\n&#8211; Vom Buchungsdatum bis 60 Tage vor Ihrem Anreisedatum werden 25 % des gesamten Reisepreises berechnet.<br \/>\n&#8211; 100 % des Reisepreises bei Stornierung 60 Tage oder weniger vor Anreise.<br \/>\nZus\u00e4tzlich unterliegen Fluggesellschaftsgeb\u00fchren den Gesch\u00e4ftsbedingungen der Fluggesellschaften, und es f\u00e4llt au\u00dferdem eine Bankgeb\u00fchr von 5 % auf R\u00fcckerstattungen an.<\/p>\n<h4><strong><u>R\u00fcckerstattungen:<\/u><\/strong><\/h4>\n<p>Im Falle einer R\u00fcckerstattung senden wir diese \u00fcber dieselbe Zahlungsmethode zur\u00fcck, die f\u00fcr die urspr\u00fcngliche Zahlung verwendet wurde. Wenn Sie nicht zu Ihrer Reservierung erscheinen, k\u00f6nnen wir Ihnen keine R\u00fcckerstattung gew\u00e4hren. Wir ziehen au\u00dferdem eine Bankgeb\u00fchr von 5 % von allen R\u00fcckerstattungen ab.<\/p>\n<h4><strong><em><u>\u201eH\u00f6here Gewalt\u201c:<\/u><\/em><\/strong><\/h4>\n<p>Wir stellen Ihr Wohlergehen und Ihre Sicherheit \u00fcber alles andere, und aus diesem Grund haben wir unsere Stornierungsbedingungen angepasst, um unsere Werte widerzuspiegeln. Wir bieten sehr flexible Stornierungsbedingungen f\u00fcr den Fall, dass die \u00e4gyptische Regierung oder die Fluggesellschaften eine Reisewarnung f\u00fcr das vorgesehene Ziel herausgeben. Im Falle eines solchen Ereignisses erstatten wir Ihnen den f\u00fcr das Reisepaket gezahlten Betrag, oder in einigen F\u00e4llen steht Ihre Zahlung als zuk\u00fcnftiges Reiseguthaben und Reisegutschein zur Verf\u00fcgung, der f\u00fcr alle Ziele verwendet werden kann, zu denen wir Reisen anbieten. Sie haben die Flexibilit\u00e4t, diesen Betrag auf neu gebuchte Reiseleistungen anzuwenden. Reservierungen werden automatisch angepasst, um diese Reiseguthaben widerzuspiegeln. Es werden nur Flugstornierungsgeb\u00fchren\/\u00c4nderungsgeb\u00fchren gem\u00e4\u00df den Gesch\u00e4ftsbedingungen der Fluggesellschaft erhoben; Bankzuschlagsgeb\u00fchren werden auf den gezahlten Anzahlungsbetrag angewendet.<\/p>\n<h3><strong><u>Unterkunft:<\/u><\/strong><\/h3>\n<p>Die Preise gelten f\u00fcr zwei Personen, die sich ein Zimmer teilen. Einzelzimmer sind gegen Aufpreis verf\u00fcgbar. Wir w\u00e4hlen Hotels nach ihrer Qualit\u00e4t aus. Die Preise k\u00f6nnen sich in einigen F\u00e4llen \u00e4ndern.<\/p>\n<h3><strong><u>\u00c4nderungen: <\/u><\/strong><\/h3>\n<p>Jede vom Kunden gew\u00fcnschte \u00c4nderung unterliegt der Verf\u00fcgbarkeit.<\/p>\n<h3><strong><u>Nicht genutzte Reiseleistungen: <\/u><\/strong><\/h3>\n<p>Es erfolgt keine R\u00fcckerstattung f\u00fcr nicht genutzte Mahlzeiten, Besichtigungstouren oder andere Leistungen.<\/p>\n<h3><strong><u>Sonderw\u00fcnsche:<\/u><\/strong><\/h3>\n<p>Wenn der Kunde Sonderw\u00fcnsche hat, sollte er das Unternehmen zum Zeitpunkt der Buchung informieren. Das Unternehmen und seine Lieferanten werden versuchen, solche W\u00fcnsche zu erf\u00fcllen, aber da diese nicht Teil des Vertrags sind, garantiert das Unternehmen dies nicht, einschlie\u00dflich vorab buchbarer Sitzpl\u00e4tze. Wenn das Unternehmen best\u00e4tigt, dass ein Sonderwunsch vermerkt oder an den Lieferanten weitergeleitet wurde oder auf der Best\u00e4tigungsrechnung oder anderswo darauf verweist, ist dies keine Garantie f\u00fcr dessen Erf\u00fcllung. Der Kunde wird nicht ausdr\u00fccklich benachrichtigt, wenn ein Sonderwunsch nicht erf\u00fcllt werden kann. Das Unternehmen akzeptiert keine Buchungen, die von der Erf\u00fcllung eines Sonderwunsches abh\u00e4ngig sind.<\/p>\n<h3><strong> <\/strong><strong><u>Annahme der Vereinbarung: <\/u><\/strong><\/h3>\n<p>Der Vertrag, der durch die Annahme der Buchung des Kunden durch das Unternehmen unter diesen Buchungsbedingungen zustande kommt, stellt die gesamte Vereinbarung zwischen dem Kunden und dem Unternehmen dar. Die Zahlung einer Anzahlung oder Restzahlung per \u00dcberweisung zeigt an, dass die Reiseteilnehmer alle Gesch\u00e4ftsbedingungen gelesen und akzeptiert haben und sich verpflichten, diese einzuhalten.<\/p>\n<h3><strong><u>Kinderregelung (Kind teilt sich Zimmer der Eltern)<\/u><\/strong><\/h3>\n<ul>\n<li><u><strong><em>Regelung 1<\/em><\/strong>: <\/u>f\u00fcr Pakete, Nilkreuzfahrten und Hotels<br \/>\nUnter 2 Jahren: kostenlos<br \/>\nUnter 6 Jahren: 25 % der gesamten Reisekosten einer erwachsenen Person<br \/>\nUnter 12 Jahren: 50 % der gesamten Reisekosten einer erwachsenen Person<br \/>\nAlle Kinder ab 12 Jahren gelten als Erwachsene.<br \/>\nWenn Ihr Reisepaket Fl\u00fcge beinhaltet, kann ein zus\u00e4tzlicher Zuschlag f\u00fcr Ihr Kind anfallen. Diese Regelung gilt f\u00fcr maximal ein Kind, das sich das Zimmer der Eltern teilt.<\/li>\n<li><strong><em><u>Regelung 2<\/u><\/em><\/strong><strong>: <\/strong>f\u00fcr Besichtigungstouren und Landausfl\u00fcge<br \/>\nUnter 6 Jahren: kostenlos<br \/>\nUnter 12 Jahren: 50 % der gesamten Reisekosten einer erwachsenen Person<br \/>\nAlle Kinder ab 12 Jahren gelten als Erwachsene.<br \/>\nWenn Ihre Besichtigungstouren Inlandsfl\u00fcge oder F\u00e4hrverbindungen beinhalten, kann ein zus\u00e4tzlicher Zuschlag f\u00fcr Ihr Kind anfallen.<\/li>\n<\/ul>\n<h3><strong><u>Beschwerden<\/u><\/strong><\/h3>\n<p>Wenn Sie w\u00e4hrend Ihrer Reise Beschwerden haben, benachrichtigen Sie bitte sofort Ihren Reiseleiter, da die meisten Probleme schnell gel\u00f6st werden k\u00f6nnen. Wenn Sie das Gef\u00fchl haben, dass Ihr Problem weiterhin besteht, rufen Sie den Kundenbetreuungsmanager an, w\u00e4hrend Sie noch auf Ihrer Reise sind; wenn Sie nach Ihrer R\u00fcckkehr nach Hause immer noch nicht mit dem erhaltenen Service zufrieden sind, m\u00fcssen Sie sich schriftlich an die Kundenbetreuung wenden.<\/p>\n<p>&nbsp;<\/p>\n","protected":false},"excerpt":{"rendered":"<p>Zahlung: Nach dem Absenden Ihrer Anfrage wird der Unternehmensvertreter die endg\u00fcltige Vereinbarung mit Ihnen besprechen und finalisieren und Ihnen die endg\u00fcltige Best\u00e4tigung zusenden. 50 % m\u00fcssen 48 Stunden vor Anreise bezahlt werden und die anderen 50 % werden nach Best\u00e4tigung hinterlegt. Anschlie\u00dfend m\u00fcssen Sie diese Angaben best\u00e4tigen und die korrekte Anzahlung\/Zahlung leisten. Wie in Ihren [&hellip;]<\/p>\n","protected":false},"author":1,"featured_media":0,"parent":0,"menu_order":0,"comment_status":"closed","ping_status":"closed","template":"","meta":{"footnotes":""},"acf":[],"yoast_head":"<!-- This site is optimized with the Yoast SEO plugin v21.6 - https:\/\/yoast.com\/wordpress\/plugins\/seo\/ -->\n<title>Allgemeine Gesch\u00e4ftsbedingungen - Cleopatra Travel<\/title>\n<meta name=\"description\" content=\"Die Allgemeinen Gesch\u00e4ftsbedingungen von Cleopatra Travel regeln die Richtlinien f\u00fcr Buchungen, Stornierungen, R\u00fcckerstattungen und mehr. Pr\u00fcfen Sie diese vor der Buchung Ihres n\u00e4chsten Abenteuers!\" \/>\n<meta name=\"robots\" content=\"index, follow, max-snippet:-1, max-image-preview:large, max-video-preview:-1\" \/>\n<link rel=\"canonical\" href=\"https:\/\/cleopatra.travel\/de\/allgemeine-geschaeftsbedingungen\/\" \/>\n<meta property=\"og:locale\" content=\"de_DE\" \/>\n<meta property=\"og:type\" content=\"article\" \/>\n<meta property=\"og:title\" content=\"Allgemeine Gesch\u00e4ftsbedingungen - Cleopatra Travel\" \/>\n<meta property=\"og:description\" content=\"Die Allgemeinen Gesch\u00e4ftsbedingungen von Cleopatra Travel regeln die Richtlinien f\u00fcr Buchungen, Stornierungen, R\u00fcckerstattungen und mehr. Pr\u00fcfen Sie diese vor der Buchung Ihres n\u00e4chsten Abenteuers!\" \/>\n<meta property=\"og:url\" content=\"https:\/\/cleopatra.travel\/de\/allgemeine-geschaeftsbedingungen\/\" \/>\n<meta property=\"og:site_name\" content=\"Cleopatra Travel\" \/>\n<meta property=\"article:publisher\" content=\"https:\/\/www.facebook.com\/cleopatra.Haj\" \/>\n<meta name=\"twitter:card\" content=\"summary_large_image\" \/>\n<meta name=\"twitter:label1\" content=\"Gesch\u00e4tzte Lesezeit\" \/>\n\t<meta name=\"twitter:data1\" content=\"4 minutes\" \/>\n<script type=\"application\/ld+json\" class=\"yoast-schema-graph\">{\"@context\":\"https:\/\/schema.org\",\"@graph\":[{\"@type\":\"WebPage\",\"@id\":\"https:\/\/cleopatra.travel\/de\/allgemeine-geschaeftsbedingungen\/\",\"url\":\"https:\/\/cleopatra.travel\/de\/allgemeine-geschaeftsbedingungen\/\",\"name\":\"Allgemeine Gesch\u00e4ftsbedingungen - Cleopatra Travel\",\"isPartOf\":{\"@id\":\"https:\/\/cleopatra.travel\/de\/#website\"},\"datePublished\":\"2023-11-24T12:19:28+00:00\",\"dateModified\":\"2023-11-24T12:19:28+00:00\",\"description\":\"Die Allgemeinen Gesch\u00e4ftsbedingungen von Cleopatra Travel regeln die Richtlinien f\u00fcr Buchungen, Stornierungen, R\u00fcckerstattungen und mehr. Pr\u00fcfen Sie diese vor der Buchung Ihres n\u00e4chsten Abenteuers!\",\"breadcrumb\":{\"@id\":\"https:\/\/cleopatra.travel\/de\/allgemeine-geschaeftsbedingungen\/#breadcrumb\"},\"inLanguage\":\"de\",\"potentialAction\":[{\"@type\":\"ReadAction\",\"target\":[\"https:\/\/cleopatra.travel\/de\/allgemeine-geschaeftsbedingungen\/\"]}]},{\"@type\":\"BreadcrumbList\",\"@id\":\"https:\/\/cleopatra.travel\/de\/allgemeine-geschaeftsbedingungen\/#breadcrumb\",\"itemListElement\":[{\"@type\":\"ListItem\",\"position\":1,\"name\":\"Home\",\"item\":\"https:\/\/cleopatra.travel\/de\/startseite\/\"},{\"@type\":\"ListItem\",\"position\":2,\"name\":\"Allgemeine Gesch\u00e4ftsbedingungen\"}]},{\"@type\":\"WebSite\",\"@id\":\"https:\/\/cleopatra.travel\/de\/#website\",\"url\":\"https:\/\/cleopatra.travel\/de\/\",\"name\":\"Cleopatra Travel\",\"description\":\"Travel\u00a0Agency in Egypt\",\"publisher\":{\"@id\":\"https:\/\/cleopatra.travel\/de\/#organization\"},\"potentialAction\":[{\"@type\":\"SearchAction\",\"target\":{\"@type\":\"EntryPoint\",\"urlTemplate\":\"https:\/\/cleopatra.travel\/de\/?s={search_term_string}\"},\"query-input\":\"required name=search_term_string\"}],\"inLanguage\":\"de\"},{\"@type\":\"Organization\",\"@id\":\"https:\/\/cleopatra.travel\/de\/#organization\",\"name\":\"Cleopatra Travel\",\"url\":\"https:\/\/cleopatra.travel\/de\/\",\"logo\":{\"@type\":\"ImageObject\",\"inLanguage\":\"de\",\"@id\":\"https:\/\/cleopatra.travel\/de\/#\/schema\/logo\/image\/\",\"url\":\"https:\/\/cleopatra.travel\/wp-content\/uploads\/2023\/12\/Logo-2.jpg\",\"contentUrl\":\"https:\/\/cleopatra.travel\/wp-content\/uploads\/2023\/12\/Logo-2.jpg\",\"width\":7680,\"height\":4614,\"caption\":\"Cleopatra Travel\"},\"image\":{\"@id\":\"https:\/\/cleopatra.travel\/de\/#\/schema\/logo\/image\/\"},\"sameAs\":[\"https:\/\/www.facebook.com\/cleopatra.Haj\"]}]}<\/script>\n<!-- \/ Yoast SEO plugin. -->","yoast_head_json":{"title":"Allgemeine Gesch\u00e4ftsbedingungen - Cleopatra Travel","description":"Die Allgemeinen Gesch\u00e4ftsbedingungen von Cleopatra Travel regeln die Richtlinien f\u00fcr Buchungen, Stornierungen, R\u00fcckerstattungen und mehr. Pr\u00fcfen Sie diese vor der Buchung Ihres n\u00e4chsten Abenteuers!","robots":{"index":"index","follow":"follow","max-snippet":"max-snippet:-1","max-image-preview":"max-image-preview:large","max-video-preview":"max-video-preview:-1"},"canonical":"https:\/\/cleopatra.travel\/de\/allgemeine-geschaeftsbedingungen\/","og_locale":"de_DE","og_type":"article","og_title":"Allgemeine Gesch\u00e4ftsbedingungen - Cleopatra Travel","og_description":"Die Allgemeinen Gesch\u00e4ftsbedingungen von Cleopatra Travel regeln die Richtlinien f\u00fcr Buchungen, Stornierungen, R\u00fcckerstattungen und mehr. Pr\u00fcfen Sie diese vor der Buchung Ihres n\u00e4chsten Abenteuers!","og_url":"https:\/\/cleopatra.travel\/de\/allgemeine-geschaeftsbedingungen\/","og_site_name":"Cleopatra Travel","article_publisher":"https:\/\/www.facebook.com\/cleopatra.Haj","twitter_card":"summary_large_image","twitter_misc":{"Gesch\u00e4tzte Lesezeit":"4 minutes"},"schema":{"@context":"https:\/\/schema.org","@graph":[{"@type":"WebPage","@id":"https:\/\/cleopatra.travel\/de\/allgemeine-geschaeftsbedingungen\/","url":"https:\/\/cleopatra.travel\/de\/allgemeine-geschaeftsbedingungen\/","name":"Allgemeine Gesch\u00e4ftsbedingungen - Cleopatra Travel","isPartOf":{"@id":"https:\/\/cleopatra.travel\/de\/#website"},"datePublished":"2023-11-24T12:19:28+00:00","dateModified":"2023-11-24T12:19:28+00:00","description":"Die Allgemeinen Gesch\u00e4ftsbedingungen von Cleopatra Travel regeln die Richtlinien f\u00fcr Buchungen, Stornierungen, R\u00fcckerstattungen und mehr. Pr\u00fcfen Sie diese vor der Buchung Ihres n\u00e4chsten Abenteuers!","breadcrumb":{"@id":"https:\/\/cleopatra.travel\/de\/allgemeine-geschaeftsbedingungen\/#breadcrumb"},"inLanguage":"de","potentialAction":[{"@type":"ReadAction","target":["https:\/\/cleopatra.travel\/de\/allgemeine-geschaeftsbedingungen\/"]}]},{"@type":"BreadcrumbList","@id":"https:\/\/cleopatra.travel\/de\/allgemeine-geschaeftsbedingungen\/#breadcrumb","itemListElement":[{"@type":"ListItem","position":1,"name":"Home","item":"https:\/\/cleopatra.travel\/de\/startseite\/"},{"@type":"ListItem","position":2,"name":"Allgemeine Gesch\u00e4ftsbedingungen"}]},{"@type":"WebSite","@id":"https:\/\/cleopatra.travel\/de\/#website","url":"https:\/\/cleopatra.travel\/de\/","name":"Cleopatra Travel","description":"Travel\u00a0Agency in Egypt","publisher":{"@id":"https:\/\/cleopatra.travel\/de\/#organization"},"potentialAction":[{"@type":"SearchAction","target":{"@type":"EntryPoint","urlTemplate":"https:\/\/cleopatra.travel\/de\/?s={search_term_string}"},"query-input":"required name=search_term_string"}],"inLanguage":"de"},{"@type":"Organization","@id":"https:\/\/cleopatra.travel\/de\/#organization","name":"Cleopatra Travel","url":"https:\/\/cleopatra.travel\/de\/","logo":{"@type":"ImageObject","inLanguage":"de","@id":"https:\/\/cleopatra.travel\/de\/#\/schema\/logo\/image\/","url":"https:\/\/cleopatra.travel\/wp-content\/uploads\/2023\/12\/Logo-2.jpg","contentUrl":"https:\/\/cleopatra.travel\/wp-content\/uploads\/2023\/12\/Logo-2.jpg","width":7680,"height":4614,"caption":"Cleopatra Travel"},"image":{"@id":"https:\/\/cleopatra.travel\/de\/#\/schema\/logo\/image\/"},"sameAs":["https:\/\/www.facebook.com\/cleopatra.Haj"]}]}},"_links":{"self":[{"href":"https:\/\/cleopatra.travel\/de\/wp-json\/wp\/v2\/pages\/515"}],"collection":[{"href":"https:\/\/cleopatra.travel\/de\/wp-json\/wp\/v2\/pages"}],"about":[{"href":"https:\/\/cleopatra.travel\/de\/wp-json\/wp\/v2\/types\/page"}],"author":[{"embeddable":true,"href":"https:\/\/cleopatra.travel\/de\/wp-json\/wp\/v2\/users\/1"}],"replies":[{"embeddable":true,"href":"https:\/\/cleopatra.travel\/de\/wp-json\/wp\/v2\/comments?post=515"}],"version-history":[{"count":0,"href":"https:\/\/cleopatra.travel\/de\/wp-json\/wp\/v2\/pages\/515\/revisions"}],"wp:attachment":[{"href":"https:\/\/cleopatra.travel\/de\/wp-json\/wp\/v2\/media?parent=515"}],"curies":[{"name":"wp","href":"https:\/\/api.w.org\/{rel}","templated":true}]}}