{"id":679,"date":"2023-11-23T05:45:35","date_gmt":"2023-11-23T05:45:35","guid":{"rendered":"https:\/\/cleopatra.travel\/datenschutzerklaerung\/"},"modified":"2023-11-23T05:45:35","modified_gmt":"2023-11-23T05:45:35","slug":"datenschutzerklaerung","status":"publish","type":"page","link":"https:\/\/cleopatra.travel\/de\/datenschutzerklaerung\/","title":{"rendered":"Datenschutzerkl\u00e4rung"},"content":{"rendered":"<p>Cleopatra Travel betreibt die Website Cleopatra.travel, die den DIENST bereitstellt.<\/p>\n<p>Diese Seite dient dazu, Besucher der Website \u00fcber unsere Richtlinien bez\u00fcglich der Erfassung, Verwendung und Offenlegung personenbezogener Daten zu informieren, falls sich jemand entscheidet, unseren Dienst, die Website nilecruisers.com, zu nutzen.<\/p>\n<p>Wenn Sie sich f\u00fcr die Nutzung unseres Dienstes entscheiden, stimmen Sie der Erfassung und Verwendung von Informationen im Zusammenhang mit dieser Richtlinie zu. Die von uns erfassten personenbezogenen Daten werden zur Bereitstellung und Verbesserung des Dienstes verwendet. Wir werden Ihre Daten nicht verwenden oder an Dritte weitergeben, au\u00dfer wie in dieser Datenschutzerkl\u00e4rung beschrieben.  <\/p>\n<p>Die in dieser Datenschutzerkl\u00e4rung verwendeten Begriffe haben dieselbe Bedeutung wie in unseren Allgemeinen Gesch\u00e4ftsbedingungen, die unter cleopatra.travel abrufbar sind, sofern in dieser Datenschutzerkl\u00e4rung nicht anders definiert.<\/p>\n<h4>Erfassung und Verwendung von Informationen<\/h4>\n<p>F\u00fcr eine bessere Nutzungserfahrung unseres Dienstes k\u00f6nnen wir Sie auffordern, uns bestimmte personenbezogene Daten zur Verf\u00fcgung zu stellen, einschlie\u00dflich, aber nicht beschr\u00e4nkt auf Ihren Namen, Ihre Telefonnummer und Ihre Postanschrift. Die von uns erfassten Informationen werden verwendet, um Sie zu kontaktieren oder zu identifizieren. <\/p>\n<h4>Protokolldaten<\/h4>\n<p>Wir m\u00f6chten Sie dar\u00fcber informieren, dass wir bei jedem Besuch unseres Dienstes Informationen sammeln, die Ihr Browser an uns sendet und die als Protokolldaten (Log Data) bezeichnet werden. Diese Protokolldaten k\u00f6nnen Informationen wie die Internetprotokoll-(\u201eIP\u201c)-Adresse Ihres Computers, die Browserversion, die von Ihnen besuchten Seiten unseres Dienstes, Uhrzeit und Datum Ihres Besuchs, die auf diesen Seiten verbrachte Zeit und andere Statistiken umfassen. <\/p>\n<h4>Cookies<\/h4>\n<p>Cookies sind Dateien mit einer kleinen Datenmenge, die \u00fcblicherweise als anonyme eindeutige Kennung verwendet werden. Diese werden von der von Ihnen besuchten Website an Ihren Browser gesendet und auf der Festplatte Ihres Computers gespeichert. <\/p>\n<p>Unsere Website verwendet diese \u201eCookies\u201c, um Informationen zu sammeln und unseren Dienst zu verbessern. Sie haben die M\u00f6glichkeit, diese Cookies entweder zu akzeptieren oder abzulehnen und zu erfahren, wann ein Cookie an Ihren Computer gesendet wird. Wenn Sie unsere Cookies ablehnen, k\u00f6nnen Sie m\u00f6glicherweise einige Teile unseres Dienstes nicht nutzen.  <\/p>\n<h4>Dienstleister<\/h4>\n<p>Wir k\u00f6nnen aus folgenden Gr\u00fcnden Drittunternehmen und Einzelpersonen beauftragen:<\/p>\n<ul>\n<li>Um unseren Dienst zu erm\u00f6glichen;<\/li>\n<li>Um den Dienst in unserem Namen bereitzustellen;<\/li>\n<li>Um dienstbezogene Leistungen zu erbringen; oder<\/li>\n<li>Um uns bei der Analyse der Nutzung unseres Dienstes zu unterst\u00fctzen.<\/li>\n<\/ul>\n<p>Wir m\u00f6chten die Nutzer unseres Dienstes dar\u00fcber informieren, dass diese Dritten Zugriff auf Ihre personenbezogenen Daten haben. Der Grund daf\u00fcr ist die Erf\u00fcllung der ihnen in unserem Namen \u00fcbertragenen Aufgaben. Sie sind jedoch verpflichtet, die Informationen nicht offenzulegen oder f\u00fcr andere Zwecke zu verwenden.  <\/p>\n<h4>Sicherheit<\/h4>\n<p>Wir sch\u00e4tzen Ihr Vertrauen, uns Ihre personenbezogenen Daten zur Verf\u00fcgung zu stellen, und bem\u00fchen uns daher, wirtschaftlich angemessene Mittel zu deren Schutz einzusetzen. Beachten Sie jedoch, dass keine \u00dcbertragungsmethode \u00fcber das Internet oder elektronische Speichermethode zu 100 % sicher und zuverl\u00e4ssig ist und wir deren absolute Sicherheit nicht garantieren k\u00f6nnen. <\/p>\n<h4>Links zu anderen Websites<\/h4>\n<p>Unser Dienst kann Links zu anderen Websites enthalten. Wenn Sie auf einen Link eines Drittanbieters klicken, werden Sie zu dieser Website weitergeleitet. Beachten Sie, dass diese externen Websites nicht von uns betrieben werden. Daher empfehlen wir Ihnen dringend, die Datenschutzerkl\u00e4rung dieser Websites zu pr\u00fcfen. Wir haben keine Kontrolle \u00fcber die Inhalte, Datenschutzrichtlinien oder Praktiken von Websites oder Diensten Dritter und \u00fcbernehmen daf\u00fcr keine Verantwortung.    <\/p>\n<h4>Datenschutz f\u00fcr Kinder<\/h4>\n<p>Unsere Dienste richten sich nicht an Personen unter 13 Jahren. Wir erfassen wissentlich keine personenbezogenen Daten von Kindern unter 13 Jahren. Falls wir feststellen, dass ein Kind unter 13 Jahren uns personenbezogene Daten zur Verf\u00fcgung gestellt hat, l\u00f6schen wir diese unverz\u00fcglich von unseren Servern. Wenn Sie Elternteil oder Erziehungsberechtigter sind und wissen, dass Ihr Kind uns personenbezogene Daten zur Verf\u00fcgung gestellt hat, kontaktieren Sie uns bitte, damit wir die erforderlichen Ma\u00dfnahmen ergreifen k\u00f6nnen.   <\/p>\n<h4>\u00c4nderungen dieser Datenschutzerkl\u00e4rung<\/h4>\n<p>Wir k\u00f6nnen unsere Datenschutzerkl\u00e4rung von Zeit zu Zeit aktualisieren. Daher empfehlen wir Ihnen, diese Seite regelm\u00e4\u00dfig auf \u00c4nderungen zu \u00fcberpr\u00fcfen. Wir werden Sie \u00fcber \u00c4nderungen informieren, indem wir die neue Datenschutzerkl\u00e4rung auf dieser Seite ver\u00f6ffentlichen. Diese \u00c4nderungen treten unmittelbar nach ihrer Ver\u00f6ffentlichung auf dieser Seite in Kraft.   <\/p>\n<h4>Kontakt<\/h4>\n<p>Wenn Sie Fragen oder Anregungen zu unserer Datenschutzerkl\u00e4rung haben, z\u00f6gern Sie nicht,  <a href=\"https:\/\/cleopatra.travel\/#contact\">uns zu kontaktieren<\/a><\/p>\n<p>&nbsp;<\/p>\n","protected":false},"excerpt":{"rendered":"<p>Cleopatra Travel betreibt die Website Cleopatra.travel, die den DIENST bereitstellt. Diese Seite dient dazu, Besucher der Website \u00fcber unsere Richtlinien bez\u00fcglich der Erfassung, Verwendung und Offenlegung personenbezogener Daten zu informieren, falls sich jemand entscheidet, unseren Dienst, die Website nilecruisers.com, zu nutzen. Wenn Sie sich f\u00fcr die Nutzung unseres Dienstes entscheiden, stimmen Sie der Erfassung und [&hellip;]<\/p>\n","protected":false},"author":1,"featured_media":0,"parent":0,"menu_order":0,"comment_status":"closed","ping_status":"open","template":"","meta":{"footnotes":""},"acf":[],"yoast_head":"<!-- This site is optimized with the Yoast SEO plugin v21.6 - https:\/\/yoast.com\/wordpress\/plugins\/seo\/ -->\n<title>Datenschutzerkl\u00e4rung - Cleopatra Travel<\/title>\n<meta name=\"description\" content=\"Die Datenschutzerkl\u00e4rung von Cleopatra Travel erl\u00e4utert, wie personenbezogene Daten auf ihrer Plattform erfasst, verwendet und gesch\u00fctzt werden, um die Vertraulichkeit und Sicherheit der Nutzer zu gew\u00e4hrleisten.\" \/>\n<meta name=\"robots\" content=\"index, follow, max-snippet:-1, max-image-preview:large, max-video-preview:-1\" \/>\n<link rel=\"canonical\" href=\"https:\/\/cleopatra.travel\/de\/datenschutzerklaerung\/\" \/>\n<meta property=\"og:locale\" content=\"de_DE\" \/>\n<meta property=\"og:type\" content=\"article\" \/>\n<meta property=\"og:title\" content=\"Datenschutzerkl\u00e4rung - Cleopatra Travel\" \/>\n<meta property=\"og:description\" content=\"Die Datenschutzerkl\u00e4rung von Cleopatra Travel erl\u00e4utert, wie personenbezogene Daten auf ihrer Plattform erfasst, verwendet und gesch\u00fctzt werden, um die Vertraulichkeit und Sicherheit der Nutzer zu gew\u00e4hrleisten.\" \/>\n<meta property=\"og:url\" content=\"https:\/\/cleopatra.travel\/de\/datenschutzerklaerung\/\" \/>\n<meta property=\"og:site_name\" content=\"Cleopatra Travel\" \/>\n<meta property=\"article:publisher\" content=\"https:\/\/www.facebook.com\/cleopatra.Haj\" \/>\n<meta name=\"twitter:card\" content=\"summary_large_image\" \/>\n<meta name=\"twitter:label1\" content=\"Gesch\u00e4tzte Lesezeit\" \/>\n\t<meta name=\"twitter:data1\" content=\"4 minutes\" \/>\n<script type=\"application\/ld+json\" class=\"yoast-schema-graph\">{\"@context\":\"https:\/\/schema.org\",\"@graph\":[{\"@type\":\"WebPage\",\"@id\":\"https:\/\/cleopatra.travel\/de\/datenschutzerklaerung\/\",\"url\":\"https:\/\/cleopatra.travel\/de\/datenschutzerklaerung\/\",\"name\":\"Datenschutzerkl\u00e4rung - Cleopatra Travel\",\"isPartOf\":{\"@id\":\"https:\/\/cleopatra.travel\/de\/#website\"},\"datePublished\":\"2023-11-23T05:45:35+00:00\",\"dateModified\":\"2023-11-23T05:45:35+00:00\",\"description\":\"Die Datenschutzerkl\u00e4rung von Cleopatra Travel erl\u00e4utert, wie personenbezogene Daten auf ihrer Plattform erfasst, verwendet und gesch\u00fctzt werden, um die Vertraulichkeit und Sicherheit der Nutzer zu gew\u00e4hrleisten.\",\"breadcrumb\":{\"@id\":\"https:\/\/cleopatra.travel\/de\/datenschutzerklaerung\/#breadcrumb\"},\"inLanguage\":\"de\",\"potentialAction\":[{\"@type\":\"ReadAction\",\"target\":[\"https:\/\/cleopatra.travel\/de\/datenschutzerklaerung\/\"]}]},{\"@type\":\"BreadcrumbList\",\"@id\":\"https:\/\/cleopatra.travel\/de\/datenschutzerklaerung\/#breadcrumb\",\"itemListElement\":[{\"@type\":\"ListItem\",\"position\":1,\"name\":\"Home\",\"item\":\"https:\/\/cleopatra.travel\/de\/startseite\/\"},{\"@type\":\"ListItem\",\"position\":2,\"name\":\"Datenschutzerkl\u00e4rung\"}]},{\"@type\":\"WebSite\",\"@id\":\"https:\/\/cleopatra.travel\/de\/#website\",\"url\":\"https:\/\/cleopatra.travel\/de\/\",\"name\":\"Cleopatra Travel\",\"description\":\"Travel\u00a0Agency in Egypt\",\"publisher\":{\"@id\":\"https:\/\/cleopatra.travel\/de\/#organization\"},\"potentialAction\":[{\"@type\":\"SearchAction\",\"target\":{\"@type\":\"EntryPoint\",\"urlTemplate\":\"https:\/\/cleopatra.travel\/de\/?s={search_term_string}\"},\"query-input\":\"required name=search_term_string\"}],\"inLanguage\":\"de\"},{\"@type\":\"Organization\",\"@id\":\"https:\/\/cleopatra.travel\/de\/#organization\",\"name\":\"Cleopatra Travel\",\"url\":\"https:\/\/cleopatra.travel\/de\/\",\"logo\":{\"@type\":\"ImageObject\",\"inLanguage\":\"de\",\"@id\":\"https:\/\/cleopatra.travel\/de\/#\/schema\/logo\/image\/\",\"url\":\"https:\/\/cleopatra.travel\/wp-content\/uploads\/2023\/12\/Logo-2.jpg\",\"contentUrl\":\"https:\/\/cleopatra.travel\/wp-content\/uploads\/2023\/12\/Logo-2.jpg\",\"width\":7680,\"height\":4614,\"caption\":\"Cleopatra Travel\"},\"image\":{\"@id\":\"https:\/\/cleopatra.travel\/de\/#\/schema\/logo\/image\/\"},\"sameAs\":[\"https:\/\/www.facebook.com\/cleopatra.Haj\"]}]}<\/script>\n<!-- \/ Yoast SEO plugin. -->","yoast_head_json":{"title":"Datenschutzerkl\u00e4rung - Cleopatra Travel","description":"Die Datenschutzerkl\u00e4rung von Cleopatra Travel erl\u00e4utert, wie personenbezogene Daten auf ihrer Plattform erfasst, verwendet und gesch\u00fctzt werden, um die Vertraulichkeit und Sicherheit der Nutzer zu gew\u00e4hrleisten.","robots":{"index":"index","follow":"follow","max-snippet":"max-snippet:-1","max-image-preview":"max-image-preview:large","max-video-preview":"max-video-preview:-1"},"canonical":"https:\/\/cleopatra.travel\/de\/datenschutzerklaerung\/","og_locale":"de_DE","og_type":"article","og_title":"Datenschutzerkl\u00e4rung - Cleopatra Travel","og_description":"Die Datenschutzerkl\u00e4rung von Cleopatra Travel erl\u00e4utert, wie personenbezogene Daten auf ihrer Plattform erfasst, verwendet und gesch\u00fctzt werden, um die Vertraulichkeit und Sicherheit der Nutzer zu gew\u00e4hrleisten.","og_url":"https:\/\/cleopatra.travel\/de\/datenschutzerklaerung\/","og_site_name":"Cleopatra Travel","article_publisher":"https:\/\/www.facebook.com\/cleopatra.Haj","twitter_card":"summary_large_image","twitter_misc":{"Gesch\u00e4tzte Lesezeit":"4 minutes"},"schema":{"@context":"https:\/\/schema.org","@graph":[{"@type":"WebPage","@id":"https:\/\/cleopatra.travel\/de\/datenschutzerklaerung\/","url":"https:\/\/cleopatra.travel\/de\/datenschutzerklaerung\/","name":"Datenschutzerkl\u00e4rung - Cleopatra Travel","isPartOf":{"@id":"https:\/\/cleopatra.travel\/de\/#website"},"datePublished":"2023-11-23T05:45:35+00:00","dateModified":"2023-11-23T05:45:35+00:00","description":"Die Datenschutzerkl\u00e4rung von Cleopatra Travel erl\u00e4utert, wie personenbezogene Daten auf ihrer Plattform erfasst, verwendet und gesch\u00fctzt werden, um die Vertraulichkeit und Sicherheit der Nutzer zu gew\u00e4hrleisten.","breadcrumb":{"@id":"https:\/\/cleopatra.travel\/de\/datenschutzerklaerung\/#breadcrumb"},"inLanguage":"de","potentialAction":[{"@type":"ReadAction","target":["https:\/\/cleopatra.travel\/de\/datenschutzerklaerung\/"]}]},{"@type":"BreadcrumbList","@id":"https:\/\/cleopatra.travel\/de\/datenschutzerklaerung\/#breadcrumb","itemListElement":[{"@type":"ListItem","position":1,"name":"Home","item":"https:\/\/cleopatra.travel\/de\/startseite\/"},{"@type":"ListItem","position":2,"name":"Datenschutzerkl\u00e4rung"}]},{"@type":"WebSite","@id":"https:\/\/cleopatra.travel\/de\/#website","url":"https:\/\/cleopatra.travel\/de\/","name":"Cleopatra Travel","description":"Travel\u00a0Agency in Egypt","publisher":{"@id":"https:\/\/cleopatra.travel\/de\/#organization"},"potentialAction":[{"@type":"SearchAction","target":{"@type":"EntryPoint","urlTemplate":"https:\/\/cleopatra.travel\/de\/?s={search_term_string}"},"query-input":"required name=search_term_string"}],"inLanguage":"de"},{"@type":"Organization","@id":"https:\/\/cleopatra.travel\/de\/#organization","name":"Cleopatra Travel","url":"https:\/\/cleopatra.travel\/de\/","logo":{"@type":"ImageObject","inLanguage":"de","@id":"https:\/\/cleopatra.travel\/de\/#\/schema\/logo\/image\/","url":"https:\/\/cleopatra.travel\/wp-content\/uploads\/2023\/12\/Logo-2.jpg","contentUrl":"https:\/\/cleopatra.travel\/wp-content\/uploads\/2023\/12\/Logo-2.jpg","width":7680,"height":4614,"caption":"Cleopatra Travel"},"image":{"@id":"https:\/\/cleopatra.travel\/de\/#\/schema\/logo\/image\/"},"sameAs":["https:\/\/www.facebook.com\/cleopatra.Haj"]}]}},"_links":{"self":[{"href":"https:\/\/cleopatra.travel\/de\/wp-json\/wp\/v2\/pages\/679"}],"collection":[{"href":"https:\/\/cleopatra.travel\/de\/wp-json\/wp\/v2\/pages"}],"about":[{"href":"https:\/\/cleopatra.travel\/de\/wp-json\/wp\/v2\/types\/page"}],"author":[{"embeddable":true,"href":"https:\/\/cleopatra.travel\/de\/wp-json\/wp\/v2\/users\/1"}],"replies":[{"embeddable":true,"href":"https:\/\/cleopatra.travel\/de\/wp-json\/wp\/v2\/comments?post=679"}],"version-history":[{"count":0,"href":"https:\/\/cleopatra.travel\/de\/wp-json\/wp\/v2\/pages\/679\/revisions"}],"wp:attachment":[{"href":"https:\/\/cleopatra.travel\/de\/wp-json\/wp\/v2\/media?parent=679"}],"curies":[{"name":"wp","href":"https:\/\/api.w.org\/{rel}","templated":true}]}}