{"id":828,"date":"2023-11-23T06:54:52","date_gmt":"2023-11-23T06:54:52","guid":{"rendered":"https:\/\/cleopatra.travel\/startseite\/"},"modified":"2026-02-20T12:39:30","modified_gmt":"2026-02-20T12:39:30","slug":"startseite","status":"publish","type":"page","link":"https:\/\/cleopatra.travel\/de\/","title":{"rendered":"Startseite"},"content":{"rendered":"","protected":false},"excerpt":{"rendered":"","protected":false},"author":1,"featured_media":0,"parent":0,"menu_order":0,"comment_status":"closed","ping_status":"closed","template":"","meta":{"footnotes":""},"acf":[],"yoast_head":"<!-- This site is optimized with the Yoast SEO plugin v21.6 - https:\/\/yoast.com\/wordpress\/plugins\/seo\/ -->\n<title>Cleopatra Travel | Reiseb\u00fcro \u00c4gypten | DMC | Bester Reiseveranstalter in \u00c4gypten<\/title>\n<meta name=\"description\" content=\"Besuchen Sie \u00c4gypten mit Cleopatra Travel, Ihrer erstklassigen Destination Management Company. Entdecken Sie private Reisepakete f\u00fcr ein luxuri\u00f6ses Reiseerlebnis.\" \/>\n<meta name=\"robots\" content=\"index, follow, max-snippet:-1, max-image-preview:large, max-video-preview:-1\" \/>\n<link rel=\"canonical\" href=\"https:\/\/cleopatra.travel\/de\/\" \/>\n<meta property=\"og:locale\" content=\"de_DE\" \/>\n<meta property=\"og:type\" content=\"article\" \/>\n<meta property=\"og:title\" content=\"Cleopatra Travel | Reiseb\u00fcro \u00c4gypten | DMC | Bester Reiseveranstalter in \u00c4gypten\" \/>\n<meta property=\"og:description\" content=\"Besuchen Sie \u00c4gypten mit Cleopatra Travel, Ihrer erstklassigen Destination Management Company. Entdecken Sie private Reisepakete f\u00fcr ein luxuri\u00f6ses Reiseerlebnis.\" \/>\n<meta property=\"og:url\" content=\"https:\/\/cleopatra.travel\/de\/\" \/>\n<meta property=\"og:site_name\" content=\"Cleopatra Travel\" \/>\n<meta property=\"article:publisher\" content=\"https:\/\/www.facebook.com\/cleopatra.Haj\" \/>\n<meta property=\"article:modified_time\" content=\"2026-02-20T12:39:30+00:00\" \/>\n<meta name=\"twitter:card\" content=\"summary_large_image\" \/>\n<script type=\"application\/ld+json\" class=\"yoast-schema-graph\">{\"@context\":\"https:\/\/schema.org\",\"@graph\":[{\"@type\":\"WebPage\",\"@id\":\"https:\/\/cleopatra.travel\/de\/\",\"url\":\"https:\/\/cleopatra.travel\/de\/\",\"name\":\"Cleopatra Travel | Reiseb\u00fcro \u00c4gypten | DMC | Bester Reiseveranstalter in \u00c4gypten\",\"isPartOf\":{\"@id\":\"https:\/\/cleopatra.travel\/de\/#website\"},\"datePublished\":\"2023-11-23T06:54:52+00:00\",\"dateModified\":\"2026-02-20T12:39:30+00:00\",\"description\":\"Besuchen Sie \u00c4gypten mit Cleopatra Travel, Ihrer erstklassigen Destination Management Company. Entdecken Sie private Reisepakete f\u00fcr ein luxuri\u00f6ses Reiseerlebnis.\",\"breadcrumb\":{\"@id\":\"https:\/\/cleopatra.travel\/de\/#breadcrumb\"},\"inLanguage\":\"de\",\"potentialAction\":[{\"@type\":\"ReadAction\",\"target\":[\"https:\/\/cleopatra.travel\/de\/\"]}]},{\"@type\":\"BreadcrumbList\",\"@id\":\"https:\/\/cleopatra.travel\/de\/#breadcrumb\",\"itemListElement\":[{\"@type\":\"ListItem\",\"position\":1,\"name\":\"Home\",\"item\":\"https:\/\/cleopatra.travel\/de\/startseite\/\"},{\"@type\":\"ListItem\",\"position\":2,\"name\":\"Startseite\"}]},{\"@type\":\"WebSite\",\"@id\":\"https:\/\/cleopatra.travel\/de\/#website\",\"url\":\"https:\/\/cleopatra.travel\/de\/\",\"name\":\"Cleopatra Travel\",\"description\":\"Travel\u00a0Agency in Egypt\",\"publisher\":{\"@id\":\"https:\/\/cleopatra.travel\/de\/#organization\"},\"potentialAction\":[{\"@type\":\"SearchAction\",\"target\":{\"@type\":\"EntryPoint\",\"urlTemplate\":\"https:\/\/cleopatra.travel\/de\/?s={search_term_string}\"},\"query-input\":\"required name=search_term_string\"}],\"inLanguage\":\"de\"},{\"@type\":\"Organization\",\"@id\":\"https:\/\/cleopatra.travel\/de\/#organization\",\"name\":\"Cleopatra Travel\",\"url\":\"https:\/\/cleopatra.travel\/de\/\",\"logo\":{\"@type\":\"ImageObject\",\"inLanguage\":\"de\",\"@id\":\"https:\/\/cleopatra.travel\/de\/#\/schema\/logo\/image\/\",\"url\":\"https:\/\/cleopatra.travel\/wp-content\/uploads\/2023\/12\/Logo-2.jpg\",\"contentUrl\":\"https:\/\/cleopatra.travel\/wp-content\/uploads\/2023\/12\/Logo-2.jpg\",\"width\":7680,\"height\":4614,\"caption\":\"Cleopatra Travel\"},\"image\":{\"@id\":\"https:\/\/cleopatra.travel\/de\/#\/schema\/logo\/image\/\"},\"sameAs\":[\"https:\/\/www.facebook.com\/cleopatra.Haj\"]}]}<\/script>\n<!-- \/ Yoast SEO plugin. -->","yoast_head_json":{"title":"Cleopatra Travel | Reiseb\u00fcro \u00c4gypten | DMC | Bester Reiseveranstalter in \u00c4gypten","description":"Besuchen Sie \u00c4gypten mit Cleopatra Travel, Ihrer erstklassigen Destination Management Company. Entdecken Sie private Reisepakete f\u00fcr ein luxuri\u00f6ses Reiseerlebnis.","robots":{"index":"index","follow":"follow","max-snippet":"max-snippet:-1","max-image-preview":"max-image-preview:large","max-video-preview":"max-video-preview:-1"},"canonical":"https:\/\/cleopatra.travel\/de\/","og_locale":"de_DE","og_type":"article","og_title":"Cleopatra Travel | Reiseb\u00fcro \u00c4gypten | DMC | Bester Reiseveranstalter in \u00c4gypten","og_description":"Besuchen Sie \u00c4gypten mit Cleopatra Travel, Ihrer erstklassigen Destination Management Company. Entdecken Sie private Reisepakete f\u00fcr ein luxuri\u00f6ses Reiseerlebnis.","og_url":"https:\/\/cleopatra.travel\/de\/","og_site_name":"Cleopatra Travel","article_publisher":"https:\/\/www.facebook.com\/cleopatra.Haj","article_modified_time":"2026-02-20T12:39:30+00:00","twitter_card":"summary_large_image","schema":{"@context":"https:\/\/schema.org","@graph":[{"@type":"WebPage","@id":"https:\/\/cleopatra.travel\/de\/","url":"https:\/\/cleopatra.travel\/de\/","name":"Cleopatra Travel | Reiseb\u00fcro \u00c4gypten | DMC | Bester Reiseveranstalter in \u00c4gypten","isPartOf":{"@id":"https:\/\/cleopatra.travel\/de\/#website"},"datePublished":"2023-11-23T06:54:52+00:00","dateModified":"2026-02-20T12:39:30+00:00","description":"Besuchen Sie \u00c4gypten mit Cleopatra Travel, Ihrer erstklassigen Destination Management Company. Entdecken Sie private Reisepakete f\u00fcr ein luxuri\u00f6ses Reiseerlebnis.","breadcrumb":{"@id":"https:\/\/cleopatra.travel\/de\/#breadcrumb"},"inLanguage":"de","potentialAction":[{"@type":"ReadAction","target":["https:\/\/cleopatra.travel\/de\/"]}]},{"@type":"BreadcrumbList","@id":"https:\/\/cleopatra.travel\/de\/#breadcrumb","itemListElement":[{"@type":"ListItem","position":1,"name":"Home","item":"https:\/\/cleopatra.travel\/de\/startseite\/"},{"@type":"ListItem","position":2,"name":"Startseite"}]},{"@type":"WebSite","@id":"https:\/\/cleopatra.travel\/de\/#website","url":"https:\/\/cleopatra.travel\/de\/","name":"Cleopatra Travel","description":"Travel\u00a0Agency in Egypt","publisher":{"@id":"https:\/\/cleopatra.travel\/de\/#organization"},"potentialAction":[{"@type":"SearchAction","target":{"@type":"EntryPoint","urlTemplate":"https:\/\/cleopatra.travel\/de\/?s={search_term_string}"},"query-input":"required name=search_term_string"}],"inLanguage":"de"},{"@type":"Organization","@id":"https:\/\/cleopatra.travel\/de\/#organization","name":"Cleopatra Travel","url":"https:\/\/cleopatra.travel\/de\/","logo":{"@type":"ImageObject","inLanguage":"de","@id":"https:\/\/cleopatra.travel\/de\/#\/schema\/logo\/image\/","url":"https:\/\/cleopatra.travel\/wp-content\/uploads\/2023\/12\/Logo-2.jpg","contentUrl":"https:\/\/cleopatra.travel\/wp-content\/uploads\/2023\/12\/Logo-2.jpg","width":7680,"height":4614,"caption":"Cleopatra Travel"},"image":{"@id":"https:\/\/cleopatra.travel\/de\/#\/schema\/logo\/image\/"},"sameAs":["https:\/\/www.facebook.com\/cleopatra.Haj"]}]}},"_links":{"self":[{"href":"https:\/\/cleopatra.travel\/de\/wp-json\/wp\/v2\/pages\/828"}],"collection":[{"href":"https:\/\/cleopatra.travel\/de\/wp-json\/wp\/v2\/pages"}],"about":[{"href":"https:\/\/cleopatra.travel\/de\/wp-json\/wp\/v2\/types\/page"}],"author":[{"embeddable":true,"href":"https:\/\/cleopatra.travel\/de\/wp-json\/wp\/v2\/users\/1"}],"replies":[{"embeddable":true,"href":"https:\/\/cleopatra.travel\/de\/wp-json\/wp\/v2\/comments?post=828"}],"version-history":[{"count":1,"href":"https:\/\/cleopatra.travel\/de\/wp-json\/wp\/v2\/pages\/828\/revisions"}],"predecessor-version":[{"id":959,"href":"https:\/\/cleopatra.travel\/de\/wp-json\/wp\/v2\/pages\/828\/revisions\/959"}],"wp:attachment":[{"href":"https:\/\/cleopatra.travel\/de\/wp-json\/wp\/v2\/media?parent=828"}],"curies":[{"name":"wp","href":"https:\/\/api.w.org\/{rel}","templated":true}]}}