{"id":831,"date":"2023-11-23T08:08:32","date_gmt":"2023-11-23T08:08:32","guid":{"rendered":"https:\/\/cleopatra.travel\/ueber-cleopatra-travel\/"},"modified":"2026-02-23T08:17:14","modified_gmt":"2026-02-23T08:17:14","slug":"ueber-cleopatra-travel","status":"publish","type":"page","link":"https:\/\/cleopatra.travel\/de\/ueber-cleopatra-travel\/","title":{"rendered":"\u00dcber CLEOPATRA TRAVEL"},"content":{"rendered":"","protected":false},"excerpt":{"rendered":"","protected":false},"author":1,"featured_media":537,"parent":0,"menu_order":0,"comment_status":"closed","ping_status":"closed","template":"page-template\/about-us.php","meta":{"footnotes":""},"acf":[],"yoast_head":"<!-- This site is optimized with the Yoast SEO plugin v21.6 - https:\/\/yoast.com\/wordpress\/plugins\/seo\/ -->\n<title>Cleopatra Travel DMC | Reiseveranstalter in \u00c4gypten | \u00c4gypten-Reiseveranstalter<\/title>\n<meta name=\"description\" content=\"Cleopatra Travel ist seit 1993 ein \u00e4gyptischer Reiseveranstalter mit 7 Niederlassungen in ganz \u00c4gypten\" \/>\n<meta name=\"robots\" content=\"index, follow, max-snippet:-1, max-image-preview:large, max-video-preview:-1\" \/>\n<link rel=\"canonical\" href=\"https:\/\/cleopatra.travel\/de\/ueber-cleopatra-travel\/\" \/>\n<meta property=\"og:locale\" content=\"de_DE\" \/>\n<meta property=\"og:type\" content=\"article\" \/>\n<meta property=\"og:title\" content=\"Cleopatra Travel DMC | Reiseveranstalter in \u00c4gypten | \u00c4gypten-Reiseveranstalter\" \/>\n<meta property=\"og:description\" content=\"Cleopatra Travel ist seit 1993 ein \u00e4gyptischer Reiseveranstalter mit 7 Niederlassungen in ganz \u00c4gypten\" \/>\n<meta property=\"og:url\" content=\"https:\/\/cleopatra.travel\/de\/ueber-cleopatra-travel\/\" \/>\n<meta property=\"og:site_name\" content=\"Cleopatra Travel\" \/>\n<meta property=\"article:publisher\" content=\"https:\/\/www.facebook.com\/cleopatra.Haj\" \/>\n<meta property=\"article:modified_time\" content=\"2026-02-23T08:17:14+00:00\" \/>\n<meta property=\"og:image\" content=\"https:\/\/cleopatra.travel\/wp-content\/uploads\/2023\/11\/blog-banner.jpg\" \/>\n\t<meta property=\"og:image:width\" content=\"1440\" \/>\n\t<meta property=\"og:image:height\" content=\"600\" \/>\n\t<meta property=\"og:image:type\" content=\"image\/jpeg\" \/>\n<meta name=\"twitter:card\" content=\"summary_large_image\" \/>\n<script type=\"application\/ld+json\" class=\"yoast-schema-graph\">{\"@context\":\"https:\/\/schema.org\",\"@graph\":[{\"@type\":\"WebPage\",\"@id\":\"https:\/\/cleopatra.travel\/de\/ueber-cleopatra-travel\/\",\"url\":\"https:\/\/cleopatra.travel\/de\/ueber-cleopatra-travel\/\",\"name\":\"Cleopatra Travel DMC | Reiseveranstalter in \u00c4gypten | \u00c4gypten-Reiseveranstalter\",\"isPartOf\":{\"@id\":\"https:\/\/cleopatra.travel\/de\/#website\"},\"datePublished\":\"2023-11-23T08:08:32+00:00\",\"dateModified\":\"2026-02-23T08:17:14+00:00\",\"description\":\"Cleopatra Travel ist seit 1993 ein \u00e4gyptischer Reiseveranstalter mit 7 Niederlassungen in ganz \u00c4gypten\",\"breadcrumb\":{\"@id\":\"https:\/\/cleopatra.travel\/de\/ueber-cleopatra-travel\/#breadcrumb\"},\"inLanguage\":\"de\",\"potentialAction\":[{\"@type\":\"ReadAction\",\"target\":[\"https:\/\/cleopatra.travel\/de\/ueber-cleopatra-travel\/\"]}]},{\"@type\":\"BreadcrumbList\",\"@id\":\"https:\/\/cleopatra.travel\/de\/ueber-cleopatra-travel\/#breadcrumb\",\"itemListElement\":[{\"@type\":\"ListItem\",\"position\":1,\"name\":\"Home\",\"item\":\"https:\/\/cleopatra.travel\/de\/startseite\/\"},{\"@type\":\"ListItem\",\"position\":2,\"name\":\"\u00dcber CLEOPATRA TRAVEL\"}]},{\"@type\":\"WebSite\",\"@id\":\"https:\/\/cleopatra.travel\/de\/#website\",\"url\":\"https:\/\/cleopatra.travel\/de\/\",\"name\":\"Cleopatra Travel\",\"description\":\"Travel\u00a0Agency in Egypt\",\"publisher\":{\"@id\":\"https:\/\/cleopatra.travel\/de\/#organization\"},\"potentialAction\":[{\"@type\":\"SearchAction\",\"target\":{\"@type\":\"EntryPoint\",\"urlTemplate\":\"https:\/\/cleopatra.travel\/de\/?s={search_term_string}\"},\"query-input\":\"required name=search_term_string\"}],\"inLanguage\":\"de\"},{\"@type\":\"Organization\",\"@id\":\"https:\/\/cleopatra.travel\/de\/#organization\",\"name\":\"Cleopatra Travel\",\"url\":\"https:\/\/cleopatra.travel\/de\/\",\"logo\":{\"@type\":\"ImageObject\",\"inLanguage\":\"de\",\"@id\":\"https:\/\/cleopatra.travel\/de\/#\/schema\/logo\/image\/\",\"url\":\"https:\/\/cleopatra.travel\/wp-content\/uploads\/2023\/12\/Logo-2.jpg\",\"contentUrl\":\"https:\/\/cleopatra.travel\/wp-content\/uploads\/2023\/12\/Logo-2.jpg\",\"width\":7680,\"height\":4614,\"caption\":\"Cleopatra Travel\"},\"image\":{\"@id\":\"https:\/\/cleopatra.travel\/de\/#\/schema\/logo\/image\/\"},\"sameAs\":[\"https:\/\/www.facebook.com\/cleopatra.Haj\"]}]}<\/script>\n<!-- \/ Yoast SEO plugin. -->","yoast_head_json":{"title":"Cleopatra Travel DMC | Reiseveranstalter in \u00c4gypten | \u00c4gypten-Reiseveranstalter","description":"Cleopatra Travel ist seit 1993 ein \u00e4gyptischer Reiseveranstalter mit 7 Niederlassungen in ganz \u00c4gypten","robots":{"index":"index","follow":"follow","max-snippet":"max-snippet:-1","max-image-preview":"max-image-preview:large","max-video-preview":"max-video-preview:-1"},"canonical":"https:\/\/cleopatra.travel\/de\/ueber-cleopatra-travel\/","og_locale":"de_DE","og_type":"article","og_title":"Cleopatra Travel DMC | Reiseveranstalter in \u00c4gypten | \u00c4gypten-Reiseveranstalter","og_description":"Cleopatra Travel ist seit 1993 ein \u00e4gyptischer Reiseveranstalter mit 7 Niederlassungen in ganz \u00c4gypten","og_url":"https:\/\/cleopatra.travel\/de\/ueber-cleopatra-travel\/","og_site_name":"Cleopatra Travel","article_publisher":"https:\/\/www.facebook.com\/cleopatra.Haj","article_modified_time":"2026-02-23T08:17:14+00:00","og_image":[{"width":1440,"height":600,"url":"https:\/\/cleopatra.travel\/wp-content\/uploads\/2023\/11\/blog-banner.jpg","type":"image\/jpeg"}],"twitter_card":"summary_large_image","schema":{"@context":"https:\/\/schema.org","@graph":[{"@type":"WebPage","@id":"https:\/\/cleopatra.travel\/de\/ueber-cleopatra-travel\/","url":"https:\/\/cleopatra.travel\/de\/ueber-cleopatra-travel\/","name":"Cleopatra Travel DMC | Reiseveranstalter in \u00c4gypten | \u00c4gypten-Reiseveranstalter","isPartOf":{"@id":"https:\/\/cleopatra.travel\/de\/#website"},"datePublished":"2023-11-23T08:08:32+00:00","dateModified":"2026-02-23T08:17:14+00:00","description":"Cleopatra Travel ist seit 1993 ein \u00e4gyptischer Reiseveranstalter mit 7 Niederlassungen in ganz \u00c4gypten","breadcrumb":{"@id":"https:\/\/cleopatra.travel\/de\/ueber-cleopatra-travel\/#breadcrumb"},"inLanguage":"de","potentialAction":[{"@type":"ReadAction","target":["https:\/\/cleopatra.travel\/de\/ueber-cleopatra-travel\/"]}]},{"@type":"BreadcrumbList","@id":"https:\/\/cleopatra.travel\/de\/ueber-cleopatra-travel\/#breadcrumb","itemListElement":[{"@type":"ListItem","position":1,"name":"Home","item":"https:\/\/cleopatra.travel\/de\/startseite\/"},{"@type":"ListItem","position":2,"name":"\u00dcber CLEOPATRA TRAVEL"}]},{"@type":"WebSite","@id":"https:\/\/cleopatra.travel\/de\/#website","url":"https:\/\/cleopatra.travel\/de\/","name":"Cleopatra Travel","description":"Travel\u00a0Agency in Egypt","publisher":{"@id":"https:\/\/cleopatra.travel\/de\/#organization"},"potentialAction":[{"@type":"SearchAction","target":{"@type":"EntryPoint","urlTemplate":"https:\/\/cleopatra.travel\/de\/?s={search_term_string}"},"query-input":"required name=search_term_string"}],"inLanguage":"de"},{"@type":"Organization","@id":"https:\/\/cleopatra.travel\/de\/#organization","name":"Cleopatra Travel","url":"https:\/\/cleopatra.travel\/de\/","logo":{"@type":"ImageObject","inLanguage":"de","@id":"https:\/\/cleopatra.travel\/de\/#\/schema\/logo\/image\/","url":"https:\/\/cleopatra.travel\/wp-content\/uploads\/2023\/12\/Logo-2.jpg","contentUrl":"https:\/\/cleopatra.travel\/wp-content\/uploads\/2023\/12\/Logo-2.jpg","width":7680,"height":4614,"caption":"Cleopatra Travel"},"image":{"@id":"https:\/\/cleopatra.travel\/de\/#\/schema\/logo\/image\/"},"sameAs":["https:\/\/www.facebook.com\/cleopatra.Haj"]}]}},"_links":{"self":[{"href":"https:\/\/cleopatra.travel\/de\/wp-json\/wp\/v2\/pages\/831"}],"collection":[{"href":"https:\/\/cleopatra.travel\/de\/wp-json\/wp\/v2\/pages"}],"about":[{"href":"https:\/\/cleopatra.travel\/de\/wp-json\/wp\/v2\/types\/page"}],"author":[{"embeddable":true,"href":"https:\/\/cleopatra.travel\/de\/wp-json\/wp\/v2\/users\/1"}],"replies":[{"embeddable":true,"href":"https:\/\/cleopatra.travel\/de\/wp-json\/wp\/v2\/comments?post=831"}],"version-history":[{"count":1,"href":"https:\/\/cleopatra.travel\/de\/wp-json\/wp\/v2\/pages\/831\/revisions"}],"predecessor-version":[{"id":964,"href":"https:\/\/cleopatra.travel\/de\/wp-json\/wp\/v2\/pages\/831\/revisions\/964"}],"wp:featuredmedia":[{"embeddable":true,"href":"https:\/\/cleopatra.travel\/de\/wp-json\/wp\/v2\/media\/537"}],"wp:attachment":[{"href":"https:\/\/cleopatra.travel\/de\/wp-json\/wp\/v2\/media?parent=831"}],"curies":[{"name":"wp","href":"https:\/\/api.w.org\/{rel}","templated":true}]}}