{"id":512,"date":"2023-11-23T05:45:35","date_gmt":"2023-11-23T05:45:35","guid":{"rendered":"https:\/\/cleopatra.travel\/politica-de-privacidad\/"},"modified":"2023-11-23T05:45:35","modified_gmt":"2023-11-23T05:45:35","slug":"politica-de-privacidad","status":"publish","type":"page","link":"https:\/\/cleopatra.travel\/es\/politica-de-privacidad\/","title":{"rendered":"Pol\u00edtica de privacidad"},"content":{"rendered":"<p>Cleopatra Travel opera el sitio web Cleopatra.travel, que proporciona el SERVICIO.<\/p>\n<p>Esta p\u00e1gina se utiliza para informar a los visitantes del sitio web sobre nuestras pol\u00edticas relativas a la recopilaci\u00f3n, uso y divulgaci\u00f3n de Informaci\u00f3n Personal si alguien decide utilizar nuestro Servicio, el sitio web nilecruisers.com.<\/p>\n<p>Si decide utilizar nuestro Servicio, entonces acepta la recopilaci\u00f3n y el uso de informaci\u00f3n en relaci\u00f3n con esta pol\u00edtica. La Informaci\u00f3n Personal que recopilamos se utiliza para proporcionar y mejorar el Servicio. No utilizaremos ni compartiremos su informaci\u00f3n con nadie, excepto seg\u00fan se describe en esta Pol\u00edtica de Privacidad.  <\/p>\n<p>Los t\u00e9rminos utilizados en esta Pol\u00edtica de Privacidad tienen el mismo significado que en nuestros T\u00e9rminos y Condiciones, accesibles en cleopatra.travel, a menos que se definan de otro modo en esta Pol\u00edtica de Privacidad.<\/p>\n<h4>Recopilaci\u00f3n y Uso de la Informaci\u00f3n<\/h4>\n<p>Para una mejor experiencia al utilizar nuestro Servicio, podemos solicitarle que nos proporcione cierta informaci\u00f3n de identificaci\u00f3n personal, incluyendo, entre otros, su nombre, n\u00famero de tel\u00e9fono y direcci\u00f3n postal. La informaci\u00f3n que recopilamos se utilizar\u00e1 para contactarle o identificarle. <\/p>\n<h4>Datos de registro<\/h4>\n<p>Queremos informarle de que cada vez que visita nuestro Servicio, recopilamos informaci\u00f3n que su navegador nos env\u00eda, lo que se denomina Datos de registro. Estos Datos de registro pueden incluir informaci\u00f3n como la direcci\u00f3n de Protocolo de Internet (\u00abIP\u00bb) de su ordenador, la versi\u00f3n del navegador, las p\u00e1ginas de nuestro Servicio que visita, la hora y fecha de su visita, el tiempo que pasa en esas p\u00e1ginas y otras estad\u00edsticas. <\/p>\n<h4>Cookies<\/h4>\n<p>Las cookies son archivos con una peque\u00f1a cantidad de datos que se utilizan com\u00fanmente como un identificador \u00fanico an\u00f3nimo. Se env\u00edan a su navegador desde el sitio web que visita y se almacenan en el disco duro de su ordenador. <\/p>\n<p>Nuestro sitio web utiliza estas \u00abcookies\u00bb para recopilar informaci\u00f3n y mejorar nuestro Servicio. Usted tiene la opci\u00f3n de aceptar o rechazar estas cookies, y saber cu\u00e1ndo se env\u00eda una cookie a su ordenador. Si decide rechazar nuestras cookies, es posible que no pueda utilizar algunas partes de nuestro Servicio.  <\/p>\n<h4>Proveedores de servicios<\/h4>\n<p>Podemos emplear a empresas y personas de terceros por las siguientes razones:<\/p>\n<ul>\n<li>Para facilitar nuestro Servicio;<\/li>\n<li>Para proporcionar el Servicio en nuestro nombre;<\/li>\n<li>Para realizar servicios relacionados con el Servicio; o<\/li>\n<li>Para ayudarnos a analizar c\u00f3mo se utiliza nuestro Servicio.<\/li>\n<\/ul>\n<p>Queremos informar a los usuarios de nuestro Servicio de que estos terceros tienen acceso a su Informaci\u00f3n Personal. La raz\u00f3n es para realizar las tareas que se les asignan en nuestro nombre. Sin embargo, est\u00e1n obligados a no divulgar ni utilizar la informaci\u00f3n para ning\u00fan otro prop\u00f3sito.  <\/p>\n<h4>Seguridad<\/h4>\n<p>Valoramos su confianza al proporcionarnos su Informaci\u00f3n Personal, por lo que nos esforzamos por utilizar medios comercialmente aceptables para protegerla. Pero recuerde que ning\u00fan m\u00e9todo de transmisi\u00f3n por Internet, o m\u00e9todo de almacenamiento electr\u00f3nico, es 100% seguro y fiable, y no podemos garantizar su seguridad absoluta. <\/p>\n<h4>Enlaces a otros sitios<\/h4>\n<p>Nuestro Servicio puede contener enlaces a otros sitios. Si hace clic en un enlace de terceros, ser\u00e1 dirigido a ese sitio. Tenga en cuenta que estos sitios externos no son operados por nosotros. Por lo tanto, le recomendamos encarecidamente que revise la Pol\u00edtica de Privacidad de estos sitios web. No tenemos control ni asumimos ninguna responsabilidad por el contenido, las pol\u00edticas de privacidad o las pr\u00e1cticas de ning\u00fan sitio o servicio de terceros.    <\/p>\n<h4>Privacidad de los ni\u00f1os<\/h4>\n<p>Nuestros Servicios no se dirigen a ninguna persona menor de 13 a\u00f1os. No recopilamos conscientemente informaci\u00f3n de identificaci\u00f3n personal de ni\u00f1os menores de 13 a\u00f1os. En caso de que descubramos que un ni\u00f1o menor de 13 a\u00f1os nos ha proporcionado informaci\u00f3n personal, eliminaremos inmediatamente esta de nuestros servidores. Si usted es padre o tutor y tiene conocimiento de que su hijo nos ha proporcionado informaci\u00f3n personal, p\u00f3ngase en contacto con nosotros para que podamos tomar las medidas necesarias.   <\/p>\n<h4>Cambios en esta Pol\u00edtica de Privacidad<\/h4>\n<p>Podemos actualizar nuestra Pol\u00edtica de Privacidad de vez en cuando. Por lo tanto, le aconsejamos que revise esta p\u00e1gina peri\u00f3dicamente para detectar cualquier cambio. Le notificaremos cualquier cambio publicando la nueva Pol\u00edtica de Privacidad en esta p\u00e1gina. Estos cambios son efectivos inmediatamente despu\u00e9s de su publicaci\u00f3n en esta p\u00e1gina.   <\/p>\n<h4>Contacte con nosotros<\/h4>\n<p>Si tiene alguna pregunta o sugerencia sobre nuestra Pol\u00edtica de Privacidad, no dude en  <a href=\"https:\/\/cleopatra.travel\/#contact\">contactarnos<\/a><\/p>\n<p>&nbsp;<\/p>\n","protected":false},"excerpt":{"rendered":"<p>Cleopatra Travel opera el sitio web Cleopatra.travel, que proporciona el SERVICIO. Esta p\u00e1gina se utiliza para informar a los visitantes del sitio web sobre nuestras pol\u00edticas relativas a la recopilaci\u00f3n, uso y divulgaci\u00f3n de Informaci\u00f3n Personal si alguien decide utilizar nuestro Servicio, el sitio web nilecruisers.com. Si decide utilizar nuestro Servicio, entonces acepta la recopilaci\u00f3n [&hellip;]<\/p>\n","protected":false},"author":1,"featured_media":0,"parent":0,"menu_order":0,"comment_status":"closed","ping_status":"open","template":"","meta":{"footnotes":""},"acf":[],"yoast_head":"<!-- This site is optimized with the Yoast SEO plugin v21.6 - https:\/\/yoast.com\/wordpress\/plugins\/seo\/ -->\n<title>Pol\u00edtica de privacidad - Cleopatra Travel<\/title>\n<meta name=\"description\" content=\"La pol\u00edtica de privacidad de Cleopatra Travel describe c\u00f3mo se recopilan, utilizan y protegen los datos personales en su plataforma, garantizando la confidencialidad y seguridad del usuario.\" \/>\n<meta name=\"robots\" content=\"index, follow, max-snippet:-1, max-image-preview:large, max-video-preview:-1\" \/>\n<link rel=\"canonical\" href=\"https:\/\/cleopatra.travel\/es\/politica-de-privacidad\/\" \/>\n<meta property=\"og:locale\" content=\"es_ES\" \/>\n<meta property=\"og:type\" content=\"article\" \/>\n<meta property=\"og:title\" content=\"Pol\u00edtica de privacidad - Cleopatra Travel\" \/>\n<meta property=\"og:description\" content=\"La pol\u00edtica de privacidad de Cleopatra Travel describe c\u00f3mo se recopilan, utilizan y protegen los datos personales en su plataforma, garantizando la confidencialidad y seguridad del usuario.\" \/>\n<meta property=\"og:url\" content=\"https:\/\/cleopatra.travel\/es\/politica-de-privacidad\/\" \/>\n<meta property=\"og:site_name\" content=\"Cleopatra Travel\" \/>\n<meta property=\"article:publisher\" content=\"https:\/\/www.facebook.com\/cleopatra.Haj\" \/>\n<meta name=\"twitter:card\" content=\"summary_large_image\" \/>\n<meta name=\"twitter:label1\" content=\"Tiempo de lectura\" \/>\n\t<meta name=\"twitter:data1\" content=\"4 minutes\" \/>\n<script type=\"application\/ld+json\" class=\"yoast-schema-graph\">{\"@context\":\"https:\/\/schema.org\",\"@graph\":[{\"@type\":\"WebPage\",\"@id\":\"https:\/\/cleopatra.travel\/es\/politica-de-privacidad\/\",\"url\":\"https:\/\/cleopatra.travel\/es\/politica-de-privacidad\/\",\"name\":\"Pol\u00edtica de privacidad - Cleopatra Travel\",\"isPartOf\":{\"@id\":\"https:\/\/cleopatra.travel\/es\/#website\"},\"datePublished\":\"2023-11-23T05:45:35+00:00\",\"dateModified\":\"2023-11-23T05:45:35+00:00\",\"description\":\"La pol\u00edtica de privacidad de Cleopatra Travel describe c\u00f3mo se recopilan, utilizan y protegen los datos personales en su plataforma, garantizando la confidencialidad y seguridad del usuario.\",\"breadcrumb\":{\"@id\":\"https:\/\/cleopatra.travel\/es\/politica-de-privacidad\/#breadcrumb\"},\"inLanguage\":\"es\",\"potentialAction\":[{\"@type\":\"ReadAction\",\"target\":[\"https:\/\/cleopatra.travel\/es\/politica-de-privacidad\/\"]}]},{\"@type\":\"BreadcrumbList\",\"@id\":\"https:\/\/cleopatra.travel\/es\/politica-de-privacidad\/#breadcrumb\",\"itemListElement\":[{\"@type\":\"ListItem\",\"position\":1,\"name\":\"Home\",\"item\":\"https:\/\/cleopatra.travel\/es\/inicio\/\"},{\"@type\":\"ListItem\",\"position\":2,\"name\":\"Pol\u00edtica de privacidad\"}]},{\"@type\":\"WebSite\",\"@id\":\"https:\/\/cleopatra.travel\/es\/#website\",\"url\":\"https:\/\/cleopatra.travel\/es\/\",\"name\":\"Cleopatra Travel\",\"description\":\"Travel\u00a0Agency in Egypt\",\"publisher\":{\"@id\":\"https:\/\/cleopatra.travel\/es\/#organization\"},\"potentialAction\":[{\"@type\":\"SearchAction\",\"target\":{\"@type\":\"EntryPoint\",\"urlTemplate\":\"https:\/\/cleopatra.travel\/es\/?s={search_term_string}\"},\"query-input\":\"required name=search_term_string\"}],\"inLanguage\":\"es\"},{\"@type\":\"Organization\",\"@id\":\"https:\/\/cleopatra.travel\/es\/#organization\",\"name\":\"Cleopatra Travel\",\"url\":\"https:\/\/cleopatra.travel\/es\/\",\"logo\":{\"@type\":\"ImageObject\",\"inLanguage\":\"es\",\"@id\":\"https:\/\/cleopatra.travel\/es\/#\/schema\/logo\/image\/\",\"url\":\"https:\/\/cleopatra.travel\/wp-content\/uploads\/2023\/12\/Logo-2.jpg\",\"contentUrl\":\"https:\/\/cleopatra.travel\/wp-content\/uploads\/2023\/12\/Logo-2.jpg\",\"width\":7680,\"height\":4614,\"caption\":\"Cleopatra Travel\"},\"image\":{\"@id\":\"https:\/\/cleopatra.travel\/es\/#\/schema\/logo\/image\/\"},\"sameAs\":[\"https:\/\/www.facebook.com\/cleopatra.Haj\"]}]}<\/script>\n<!-- \/ Yoast SEO plugin. -->","yoast_head_json":{"title":"Pol\u00edtica de privacidad - Cleopatra Travel","description":"La pol\u00edtica de privacidad de Cleopatra Travel describe c\u00f3mo se recopilan, utilizan y protegen los datos personales en su plataforma, garantizando la confidencialidad y seguridad del usuario.","robots":{"index":"index","follow":"follow","max-snippet":"max-snippet:-1","max-image-preview":"max-image-preview:large","max-video-preview":"max-video-preview:-1"},"canonical":"https:\/\/cleopatra.travel\/es\/politica-de-privacidad\/","og_locale":"es_ES","og_type":"article","og_title":"Pol\u00edtica de privacidad - Cleopatra Travel","og_description":"La pol\u00edtica de privacidad de Cleopatra Travel describe c\u00f3mo se recopilan, utilizan y protegen los datos personales en su plataforma, garantizando la confidencialidad y seguridad del usuario.","og_url":"https:\/\/cleopatra.travel\/es\/politica-de-privacidad\/","og_site_name":"Cleopatra Travel","article_publisher":"https:\/\/www.facebook.com\/cleopatra.Haj","twitter_card":"summary_large_image","twitter_misc":{"Tiempo de lectura":"4 minutes"},"schema":{"@context":"https:\/\/schema.org","@graph":[{"@type":"WebPage","@id":"https:\/\/cleopatra.travel\/es\/politica-de-privacidad\/","url":"https:\/\/cleopatra.travel\/es\/politica-de-privacidad\/","name":"Pol\u00edtica de privacidad - Cleopatra Travel","isPartOf":{"@id":"https:\/\/cleopatra.travel\/es\/#website"},"datePublished":"2023-11-23T05:45:35+00:00","dateModified":"2023-11-23T05:45:35+00:00","description":"La pol\u00edtica de privacidad de Cleopatra Travel describe c\u00f3mo se recopilan, utilizan y protegen los datos personales en su plataforma, garantizando la confidencialidad y seguridad del usuario.","breadcrumb":{"@id":"https:\/\/cleopatra.travel\/es\/politica-de-privacidad\/#breadcrumb"},"inLanguage":"es","potentialAction":[{"@type":"ReadAction","target":["https:\/\/cleopatra.travel\/es\/politica-de-privacidad\/"]}]},{"@type":"BreadcrumbList","@id":"https:\/\/cleopatra.travel\/es\/politica-de-privacidad\/#breadcrumb","itemListElement":[{"@type":"ListItem","position":1,"name":"Home","item":"https:\/\/cleopatra.travel\/es\/inicio\/"},{"@type":"ListItem","position":2,"name":"Pol\u00edtica de privacidad"}]},{"@type":"WebSite","@id":"https:\/\/cleopatra.travel\/es\/#website","url":"https:\/\/cleopatra.travel\/es\/","name":"Cleopatra Travel","description":"Travel\u00a0Agency in Egypt","publisher":{"@id":"https:\/\/cleopatra.travel\/es\/#organization"},"potentialAction":[{"@type":"SearchAction","target":{"@type":"EntryPoint","urlTemplate":"https:\/\/cleopatra.travel\/es\/?s={search_term_string}"},"query-input":"required name=search_term_string"}],"inLanguage":"es"},{"@type":"Organization","@id":"https:\/\/cleopatra.travel\/es\/#organization","name":"Cleopatra Travel","url":"https:\/\/cleopatra.travel\/es\/","logo":{"@type":"ImageObject","inLanguage":"es","@id":"https:\/\/cleopatra.travel\/es\/#\/schema\/logo\/image\/","url":"https:\/\/cleopatra.travel\/wp-content\/uploads\/2023\/12\/Logo-2.jpg","contentUrl":"https:\/\/cleopatra.travel\/wp-content\/uploads\/2023\/12\/Logo-2.jpg","width":7680,"height":4614,"caption":"Cleopatra Travel"},"image":{"@id":"https:\/\/cleopatra.travel\/es\/#\/schema\/logo\/image\/"},"sameAs":["https:\/\/www.facebook.com\/cleopatra.Haj"]}]}},"_links":{"self":[{"href":"https:\/\/cleopatra.travel\/es\/wp-json\/wp\/v2\/pages\/512"}],"collection":[{"href":"https:\/\/cleopatra.travel\/es\/wp-json\/wp\/v2\/pages"}],"about":[{"href":"https:\/\/cleopatra.travel\/es\/wp-json\/wp\/v2\/types\/page"}],"author":[{"embeddable":true,"href":"https:\/\/cleopatra.travel\/es\/wp-json\/wp\/v2\/users\/1"}],"replies":[{"embeddable":true,"href":"https:\/\/cleopatra.travel\/es\/wp-json\/wp\/v2\/comments?post=512"}],"version-history":[{"count":0,"href":"https:\/\/cleopatra.travel\/es\/wp-json\/wp\/v2\/pages\/512\/revisions"}],"wp:attachment":[{"href":"https:\/\/cleopatra.travel\/es\/wp-json\/wp\/v2\/media?parent=512"}],"curies":[{"name":"wp","href":"https:\/\/api.w.org\/{rel}","templated":true}]}}