{"id":605,"date":"2023-11-23T08:08:55","date_gmt":"2023-11-23T08:08:55","guid":{"rendered":"https:\/\/cleopatra.travel\/blogs\/"},"modified":"2023-11-23T08:08:55","modified_gmt":"2023-11-23T08:08:55","slug":"blogs","status":"publish","type":"page","link":"https:\/\/cleopatra.travel\/fr\/blogs\/","title":{"rendered":"blogs"},"content":{"rendered":"","protected":false},"excerpt":{"rendered":"","protected":false},"author":1,"featured_media":610,"parent":0,"menu_order":0,"comment_status":"closed","ping_status":"closed","template":"page-template\/blog.php","meta":{"footnotes":""},"acf":[],"yoast_head":"<!-- This site is optimized with the Yoast SEO plugin v21.6 - https:\/\/yoast.com\/wordpress\/plugins\/seo\/ -->\n<title>blogs - Cleopatra Travel<\/title>\n<meta name=\"description\" content=\"D\u00e9couvrez des r\u00e9cits de voyage captivants et des conseils avis\u00e9s sur des destinations du monde entier. Explorez des exp\u00e9riences enrichissantes et planifiez votre prochaine aventure avec le blog de Cleopatra Travel.\" \/>\n<meta name=\"robots\" content=\"index, follow, max-snippet:-1, max-image-preview:large, max-video-preview:-1\" \/>\n<link rel=\"canonical\" href=\"https:\/\/cleopatra.travel\/fr\/blogs\/\" \/>\n<meta property=\"og:locale\" content=\"fr_FR\" \/>\n<meta property=\"og:type\" content=\"article\" \/>\n<meta property=\"og:title\" content=\"blogs - Cleopatra Travel\" \/>\n<meta property=\"og:description\" content=\"D\u00e9couvrez des r\u00e9cits de voyage captivants et des conseils avis\u00e9s sur des destinations du monde entier. Explorez des exp\u00e9riences enrichissantes et planifiez votre prochaine aventure avec le blog de Cleopatra Travel.\" \/>\n<meta property=\"og:url\" content=\"https:\/\/cleopatra.travel\/fr\/blogs\/\" \/>\n<meta property=\"og:site_name\" content=\"Cleopatra Travel\" \/>\n<meta property=\"article:publisher\" content=\"https:\/\/www.facebook.com\/cleopatra.Haj\" \/>\n<meta property=\"og:image\" content=\"https:\/\/cleopatra.travel\/wp-content\/uploads\/2023\/11\/blog-banner.jpg\" \/>\n\t<meta property=\"og:image:width\" content=\"1440\" \/>\n\t<meta property=\"og:image:height\" content=\"600\" \/>\n\t<meta property=\"og:image:type\" content=\"image\/jpeg\" \/>\n<meta name=\"twitter:card\" content=\"summary_large_image\" \/>\n<script type=\"application\/ld+json\" class=\"yoast-schema-graph\">{\"@context\":\"https:\/\/schema.org\",\"@graph\":[{\"@type\":\"WebPage\",\"@id\":\"https:\/\/cleopatra.travel\/fr\/blogs\/\",\"url\":\"https:\/\/cleopatra.travel\/fr\/blogs\/\",\"name\":\"blogs - Cleopatra Travel\",\"isPartOf\":{\"@id\":\"https:\/\/cleopatra.travel\/fr\/#website\"},\"datePublished\":\"2023-11-23T08:08:55+00:00\",\"dateModified\":\"2023-11-23T08:08:55+00:00\",\"description\":\"D\u00e9couvrez des r\u00e9cits de voyage captivants et des conseils avis\u00e9s sur des destinations du monde entier. Explorez des exp\u00e9riences enrichissantes et planifiez votre prochaine aventure avec le blog de Cleopatra Travel.\",\"breadcrumb\":{\"@id\":\"https:\/\/cleopatra.travel\/fr\/blogs\/#breadcrumb\"},\"inLanguage\":\"fr-FR\",\"potentialAction\":[{\"@type\":\"ReadAction\",\"target\":[\"https:\/\/cleopatra.travel\/fr\/blogs\/\"]}]},{\"@type\":\"BreadcrumbList\",\"@id\":\"https:\/\/cleopatra.travel\/fr\/blogs\/#breadcrumb\",\"itemListElement\":[{\"@type\":\"ListItem\",\"position\":1,\"name\":\"Home\",\"item\":\"https:\/\/cleopatra.travel\/fr\/\"},{\"@type\":\"ListItem\",\"position\":2,\"name\":\"blogs\"}]},{\"@type\":\"WebSite\",\"@id\":\"https:\/\/cleopatra.travel\/fr\/#website\",\"url\":\"https:\/\/cleopatra.travel\/fr\/\",\"name\":\"Cleopatra Travel\",\"description\":\"Travel\u00a0Agency in Egypt\",\"publisher\":{\"@id\":\"https:\/\/cleopatra.travel\/fr\/#organization\"},\"potentialAction\":[{\"@type\":\"SearchAction\",\"target\":{\"@type\":\"EntryPoint\",\"urlTemplate\":\"https:\/\/cleopatra.travel\/fr\/?s={search_term_string}\"},\"query-input\":\"required name=search_term_string\"}],\"inLanguage\":\"fr-FR\"},{\"@type\":\"Organization\",\"@id\":\"https:\/\/cleopatra.travel\/fr\/#organization\",\"name\":\"Cleopatra Travel\",\"url\":\"https:\/\/cleopatra.travel\/fr\/\",\"logo\":{\"@type\":\"ImageObject\",\"inLanguage\":\"fr-FR\",\"@id\":\"https:\/\/cleopatra.travel\/fr\/#\/schema\/logo\/image\/\",\"url\":\"https:\/\/cleopatra.travel\/wp-content\/uploads\/2023\/12\/Logo-2.jpg\",\"contentUrl\":\"https:\/\/cleopatra.travel\/wp-content\/uploads\/2023\/12\/Logo-2.jpg\",\"width\":7680,\"height\":4614,\"caption\":\"Cleopatra Travel\"},\"image\":{\"@id\":\"https:\/\/cleopatra.travel\/fr\/#\/schema\/logo\/image\/\"},\"sameAs\":[\"https:\/\/www.facebook.com\/cleopatra.Haj\"]}]}<\/script>\n<!-- \/ Yoast SEO plugin. -->","yoast_head_json":{"title":"blogs - Cleopatra Travel","description":"D\u00e9couvrez des r\u00e9cits de voyage captivants et des conseils avis\u00e9s sur des destinations du monde entier. Explorez des exp\u00e9riences enrichissantes et planifiez votre prochaine aventure avec le blog de Cleopatra Travel.","robots":{"index":"index","follow":"follow","max-snippet":"max-snippet:-1","max-image-preview":"max-image-preview:large","max-video-preview":"max-video-preview:-1"},"canonical":"https:\/\/cleopatra.travel\/fr\/blogs\/","og_locale":"fr_FR","og_type":"article","og_title":"blogs - Cleopatra Travel","og_description":"D\u00e9couvrez des r\u00e9cits de voyage captivants et des conseils avis\u00e9s sur des destinations du monde entier. Explorez des exp\u00e9riences enrichissantes et planifiez votre prochaine aventure avec le blog de Cleopatra Travel.","og_url":"https:\/\/cleopatra.travel\/fr\/blogs\/","og_site_name":"Cleopatra Travel","article_publisher":"https:\/\/www.facebook.com\/cleopatra.Haj","og_image":[{"width":1440,"height":600,"url":"https:\/\/cleopatra.travel\/wp-content\/uploads\/2023\/11\/blog-banner.jpg","type":"image\/jpeg"}],"twitter_card":"summary_large_image","schema":{"@context":"https:\/\/schema.org","@graph":[{"@type":"WebPage","@id":"https:\/\/cleopatra.travel\/fr\/blogs\/","url":"https:\/\/cleopatra.travel\/fr\/blogs\/","name":"blogs - Cleopatra Travel","isPartOf":{"@id":"https:\/\/cleopatra.travel\/fr\/#website"},"datePublished":"2023-11-23T08:08:55+00:00","dateModified":"2023-11-23T08:08:55+00:00","description":"D\u00e9couvrez des r\u00e9cits de voyage captivants et des conseils avis\u00e9s sur des destinations du monde entier. Explorez des exp\u00e9riences enrichissantes et planifiez votre prochaine aventure avec le blog de Cleopatra Travel.","breadcrumb":{"@id":"https:\/\/cleopatra.travel\/fr\/blogs\/#breadcrumb"},"inLanguage":"fr-FR","potentialAction":[{"@type":"ReadAction","target":["https:\/\/cleopatra.travel\/fr\/blogs\/"]}]},{"@type":"BreadcrumbList","@id":"https:\/\/cleopatra.travel\/fr\/blogs\/#breadcrumb","itemListElement":[{"@type":"ListItem","position":1,"name":"Home","item":"https:\/\/cleopatra.travel\/fr\/"},{"@type":"ListItem","position":2,"name":"blogs"}]},{"@type":"WebSite","@id":"https:\/\/cleopatra.travel\/fr\/#website","url":"https:\/\/cleopatra.travel\/fr\/","name":"Cleopatra Travel","description":"Travel\u00a0Agency in Egypt","publisher":{"@id":"https:\/\/cleopatra.travel\/fr\/#organization"},"potentialAction":[{"@type":"SearchAction","target":{"@type":"EntryPoint","urlTemplate":"https:\/\/cleopatra.travel\/fr\/?s={search_term_string}"},"query-input":"required name=search_term_string"}],"inLanguage":"fr-FR"},{"@type":"Organization","@id":"https:\/\/cleopatra.travel\/fr\/#organization","name":"Cleopatra Travel","url":"https:\/\/cleopatra.travel\/fr\/","logo":{"@type":"ImageObject","inLanguage":"fr-FR","@id":"https:\/\/cleopatra.travel\/fr\/#\/schema\/logo\/image\/","url":"https:\/\/cleopatra.travel\/wp-content\/uploads\/2023\/12\/Logo-2.jpg","contentUrl":"https:\/\/cleopatra.travel\/wp-content\/uploads\/2023\/12\/Logo-2.jpg","width":7680,"height":4614,"caption":"Cleopatra Travel"},"image":{"@id":"https:\/\/cleopatra.travel\/fr\/#\/schema\/logo\/image\/"},"sameAs":["https:\/\/www.facebook.com\/cleopatra.Haj"]}]}},"_links":{"self":[{"href":"https:\/\/cleopatra.travel\/fr\/wp-json\/wp\/v2\/pages\/605"}],"collection":[{"href":"https:\/\/cleopatra.travel\/fr\/wp-json\/wp\/v2\/pages"}],"about":[{"href":"https:\/\/cleopatra.travel\/fr\/wp-json\/wp\/v2\/types\/page"}],"author":[{"embeddable":true,"href":"https:\/\/cleopatra.travel\/fr\/wp-json\/wp\/v2\/users\/1"}],"replies":[{"embeddable":true,"href":"https:\/\/cleopatra.travel\/fr\/wp-json\/wp\/v2\/comments?post=605"}],"version-history":[{"count":0,"href":"https:\/\/cleopatra.travel\/fr\/wp-json\/wp\/v2\/pages\/605\/revisions"}],"wp:featuredmedia":[{"embeddable":true,"href":"https:\/\/cleopatra.travel\/fr\/wp-json\/wp\/v2\/media\/610"}],"wp:attachment":[{"href":"https:\/\/cleopatra.travel\/fr\/wp-json\/wp\/v2\/media?parent=605"}],"curies":[{"name":"wp","href":"https:\/\/api.w.org\/{rel}","templated":true}]}}