{"id":848,"date":"2023-11-23T05:45:35","date_gmt":"2023-11-23T05:45:35","guid":{"rendered":"https:\/\/cleopatra.travel\/politique-de-confidentialite\/"},"modified":"2023-11-23T05:45:35","modified_gmt":"2023-11-23T05:45:35","slug":"politique-de-confidentialite","status":"publish","type":"page","link":"https:\/\/cleopatra.travel\/fr\/politique-de-confidentialite\/","title":{"rendered":"Politique de confidentialit\u00e9"},"content":{"rendered":"<p>Cleopatra Travel exploite le site web Cleopatra.travel, qui fournit le SERVICE.<\/p>\n<p>Cette page est destin\u00e9e \u00e0 informer les visiteurs du site web de nos politiques concernant la collecte, l\u2019utilisation et la divulgation des Informations Personnelles si quelqu\u2019un d\u00e9cide d\u2019utiliser notre Service, le site web nilecruisers.com.<\/p>\n<p>Si vous choisissez d\u2019utiliser notre Service, vous acceptez la collecte et l\u2019utilisation d\u2019informations conform\u00e9ment \u00e0 cette politique. Les Informations Personnelles que nous collectons sont utilis\u00e9es pour fournir et am\u00e9liorer le Service. Nous n\u2019utiliserons ni ne partagerons vos informations avec quiconque, sauf dans les cas d\u00e9crits dans la pr\u00e9sente Politique de confidentialit\u00e9.  <\/p>\n<p>Les termes utilis\u00e9s dans la pr\u00e9sente Politique de confidentialit\u00e9 ont la m\u00eame signification que dans nos Conditions G\u00e9n\u00e9rales, accessibles sur cleopatra.travel, sauf d\u00e9finition contraire dans la pr\u00e9sente Politique de confidentialit\u00e9.<\/p>\n<h4>Collecte et utilisation des informations<\/h4>\n<p>Pour une meilleure exp\u00e9rience lors de l\u2019utilisation de notre Service, nous pourrions vous demander de nous fournir certaines informations personnellement identifiables, y compris, mais sans s\u2019y limiter, votre nom, votre num\u00e9ro de t\u00e9l\u00e9phone et votre adresse postale. Les informations que nous collectons seront utilis\u00e9es pour vous contacter ou vous identifier. <\/p>\n<h4>Donn\u00e9es de journalisation<\/h4>\n<p>Nous souhaitons vous informer que chaque fois que vous visitez notre Service, nous collectons des informations que votre navigateur nous envoie, appel\u00e9es Donn\u00e9es de journalisation. Ces Donn\u00e9es de journalisation peuvent inclure des informations telles que l\u2019adresse IP (Internet Protocol) de votre ordinateur, la version de votre navigateur, les pages de notre Service que vous visitez, l\u2019heure et la date de votre visite, le temps pass\u00e9 sur ces pages et d\u2019autres statistiques. <\/p>\n<h4>Cookies<\/h4>\n<p>Les cookies sont des fichiers contenant une petite quantit\u00e9 de donn\u00e9es, couramment utilis\u00e9s comme identifiant unique anonyme. Ils sont envoy\u00e9s \u00e0 votre navigateur depuis le site web que vous visitez et sont stock\u00e9s sur le disque dur de votre ordinateur. <\/p>\n<p>Notre site web utilise ces \u00ab cookies \u00bb pour collecter des informations et am\u00e9liorer notre Service. Vous avez la possibilit\u00e9 d\u2019accepter ou de refuser ces cookies, et de savoir quand un cookie est envoy\u00e9 \u00e0 votre ordinateur. Si vous choisissez de refuser nos cookies, il est possible que vous ne puissiez pas utiliser certaines parties de notre Service.  <\/p>\n<h4>Fournisseurs de services<\/h4>\n<p>Nous pouvons employer des entreprises et des individus tiers pour les raisons suivantes :<\/p>\n<ul>\n<li>Pour faciliter notre Service ;<\/li>\n<li>Pour fournir le Service en notre nom ;<\/li>\n<li>Pour effectuer des services li\u00e9s au Service ; ou<\/li>\n<li>Pour nous aider \u00e0 analyser l\u2019utilisation de notre Service.<\/li>\n<\/ul>\n<p>Nous souhaitons informer les utilisateurs de notre Service que ces tiers ont acc\u00e8s \u00e0 vos Informations Personnelles. La raison en est d\u2019ex\u00e9cuter les t\u00e2ches qui leur sont assign\u00e9es en notre nom. Cependant, ils sont tenus de ne pas divulguer ou utiliser ces informations \u00e0 d\u2019autres fins.  <\/p>\n<h4>S\u00e9curit\u00e9<\/h4>\n<p>Nous accordons une grande importance \u00e0 la confiance que vous nous t\u00e9moignez en nous fournissant vos Informations Personnelles, c\u2019est pourquoi nous nous effor\u00e7ons d\u2019utiliser des moyens commercialement acceptables pour les prot\u00e9ger. Mais rappelez-vous qu\u2019aucune m\u00e9thode de transmission sur Internet, ni aucune m\u00e9thode de stockage \u00e9lectronique n\u2019est s\u00e9curis\u00e9e et fiable \u00e0 100 %, et nous ne pouvons garantir sa s\u00e9curit\u00e9 absolue. <\/p>\n<h4>Liens vers d\u2019autres sites<\/h4>\n<p>Notre Service peut contenir des liens vers d\u2019autres sites. Si vous cliquez sur un lien tiers, vous serez redirig\u00e9 vers ce site. Notez que ces sites externes ne sont pas exploit\u00e9s par nous. Par cons\u00e9quent, nous vous conseillons vivement de consulter la Politique de confidentialit\u00e9 de ces sites web. Nous n\u2019avons aucun contr\u00f4le sur le contenu, les politiques de confidentialit\u00e9 ou les pratiques des sites ou services tiers, et n\u2019assumons aucune responsabilit\u00e9 \u00e0 leur \u00e9gard.    <\/p>\n<h4>Confidentialit\u00e9 des enfants<\/h4>\n<p>Nos Services ne s\u2019adressent \u00e0 personne de moins de 13 ans. Nous ne collectons pas sciemment d\u2019informations personnellement identifiables aupr\u00e8s d\u2019enfants de moins de 13 ans. Dans le cas o\u00f9 nous d\u00e9couvririons qu\u2019un enfant de moins de 13 ans nous a fourni des informations personnelles, nous les supprimerions imm\u00e9diatement de nos serveurs. Si vous \u00eates un parent ou un tuteur et que vous savez que votre enfant nous a fourni des informations personnelles, veuillez nous contacter afin que nous puissions prendre les mesures n\u00e9cessaires.   <\/p>\n<h4>Modifications de cette politique de confidentialit\u00e9<\/h4>\n<p>Nous pouvons mettre \u00e0 jour notre Politique de confidentialit\u00e9 de temps \u00e0 autre. Nous vous conseillons donc de consulter cette page r\u00e9guli\u00e8rement pour prendre connaissance des \u00e9ventuelles modifications. Nous vous informerons de toute modification en publiant la nouvelle Politique de confidentialit\u00e9 sur cette page. Ces modifications prennent effet imm\u00e9diatement apr\u00e8s leur publication sur cette page.   <\/p>\n<h4>Nous contacter<\/h4>\n<p>Si vous avez des questions ou des suggestions concernant notre Politique de confidentialit\u00e9, n\u2019h\u00e9sitez pas \u00e0  <a href=\"https:\/\/cleopatra.travel\/#contact\">nous contacter<\/a><\/p>\n<p>&nbsp;<\/p>\n","protected":false},"excerpt":{"rendered":"<p>Cleopatra Travel exploite le site web Cleopatra.travel, qui fournit le SERVICE. Cette page est destin\u00e9e \u00e0 informer les visiteurs du site web de nos politiques concernant la collecte, l\u2019utilisation et la divulgation des Informations Personnelles si quelqu\u2019un d\u00e9cide d\u2019utiliser notre Service, le site web nilecruisers.com. Si vous choisissez d\u2019utiliser notre Service, vous acceptez la collecte [&hellip;]<\/p>\n","protected":false},"author":1,"featured_media":0,"parent":0,"menu_order":0,"comment_status":"closed","ping_status":"open","template":"","meta":{"footnotes":""},"acf":[],"yoast_head":"<!-- This site is optimized with the Yoast SEO plugin v21.6 - https:\/\/yoast.com\/wordpress\/plugins\/seo\/ -->\n<title>Politique de confidentialit\u00e9 - Cleopatra Travel<\/title>\n<meta name=\"description\" content=\"La politique de confidentialit\u00e9 de Cleopatra Travel d\u00e9crit la mani\u00e8re dont les donn\u00e9es personnelles sont collect\u00e9es, utilis\u00e9es et prot\u00e9g\u00e9es sur sa plateforme, garantissant la confidentialit\u00e9 et la s\u00e9curit\u00e9 des utilisateurs.\" \/>\n<meta name=\"robots\" content=\"index, follow, max-snippet:-1, max-image-preview:large, max-video-preview:-1\" \/>\n<link rel=\"canonical\" href=\"https:\/\/cleopatra.travel\/fr\/politique-de-confidentialite\/\" \/>\n<meta property=\"og:locale\" content=\"fr_FR\" \/>\n<meta property=\"og:type\" content=\"article\" \/>\n<meta property=\"og:title\" content=\"Politique de confidentialit\u00e9 - Cleopatra Travel\" \/>\n<meta property=\"og:description\" content=\"La politique de confidentialit\u00e9 de Cleopatra Travel d\u00e9crit la mani\u00e8re dont les donn\u00e9es personnelles sont collect\u00e9es, utilis\u00e9es et prot\u00e9g\u00e9es sur sa plateforme, garantissant la confidentialit\u00e9 et la s\u00e9curit\u00e9 des utilisateurs.\" \/>\n<meta property=\"og:url\" content=\"https:\/\/cleopatra.travel\/fr\/politique-de-confidentialite\/\" \/>\n<meta property=\"og:site_name\" content=\"Cleopatra Travel\" \/>\n<meta property=\"article:publisher\" content=\"https:\/\/www.facebook.com\/cleopatra.Haj\" \/>\n<meta name=\"twitter:card\" content=\"summary_large_image\" \/>\n<meta name=\"twitter:label1\" content=\"Dur\u00e9e de lecture estim\u00e9e\" \/>\n\t<meta name=\"twitter:data1\" content=\"4 minutes\" \/>\n<script type=\"application\/ld+json\" class=\"yoast-schema-graph\">{\"@context\":\"https:\/\/schema.org\",\"@graph\":[{\"@type\":\"WebPage\",\"@id\":\"https:\/\/cleopatra.travel\/fr\/politique-de-confidentialite\/\",\"url\":\"https:\/\/cleopatra.travel\/fr\/politique-de-confidentialite\/\",\"name\":\"Politique de confidentialit\u00e9 - Cleopatra Travel\",\"isPartOf\":{\"@id\":\"https:\/\/cleopatra.travel\/fr\/#website\"},\"datePublished\":\"2023-11-23T05:45:35+00:00\",\"dateModified\":\"2023-11-23T05:45:35+00:00\",\"description\":\"La politique de confidentialit\u00e9 de Cleopatra Travel d\u00e9crit la mani\u00e8re dont les donn\u00e9es personnelles sont collect\u00e9es, utilis\u00e9es et prot\u00e9g\u00e9es sur sa plateforme, garantissant la confidentialit\u00e9 et la s\u00e9curit\u00e9 des utilisateurs.\",\"breadcrumb\":{\"@id\":\"https:\/\/cleopatra.travel\/fr\/politique-de-confidentialite\/#breadcrumb\"},\"inLanguage\":\"fr-FR\",\"potentialAction\":[{\"@type\":\"ReadAction\",\"target\":[\"https:\/\/cleopatra.travel\/fr\/politique-de-confidentialite\/\"]}]},{\"@type\":\"BreadcrumbList\",\"@id\":\"https:\/\/cleopatra.travel\/fr\/politique-de-confidentialite\/#breadcrumb\",\"itemListElement\":[{\"@type\":\"ListItem\",\"position\":1,\"name\":\"Home\",\"item\":\"https:\/\/cleopatra.travel\/fr\/\"},{\"@type\":\"ListItem\",\"position\":2,\"name\":\"Politique de confidentialit\u00e9\"}]},{\"@type\":\"WebSite\",\"@id\":\"https:\/\/cleopatra.travel\/fr\/#website\",\"url\":\"https:\/\/cleopatra.travel\/fr\/\",\"name\":\"Cleopatra Travel\",\"description\":\"Travel\u00a0Agency in Egypt\",\"publisher\":{\"@id\":\"https:\/\/cleopatra.travel\/fr\/#organization\"},\"potentialAction\":[{\"@type\":\"SearchAction\",\"target\":{\"@type\":\"EntryPoint\",\"urlTemplate\":\"https:\/\/cleopatra.travel\/fr\/?s={search_term_string}\"},\"query-input\":\"required name=search_term_string\"}],\"inLanguage\":\"fr-FR\"},{\"@type\":\"Organization\",\"@id\":\"https:\/\/cleopatra.travel\/fr\/#organization\",\"name\":\"Cleopatra Travel\",\"url\":\"https:\/\/cleopatra.travel\/fr\/\",\"logo\":{\"@type\":\"ImageObject\",\"inLanguage\":\"fr-FR\",\"@id\":\"https:\/\/cleopatra.travel\/fr\/#\/schema\/logo\/image\/\",\"url\":\"https:\/\/cleopatra.travel\/wp-content\/uploads\/2023\/12\/Logo-2.jpg\",\"contentUrl\":\"https:\/\/cleopatra.travel\/wp-content\/uploads\/2023\/12\/Logo-2.jpg\",\"width\":7680,\"height\":4614,\"caption\":\"Cleopatra Travel\"},\"image\":{\"@id\":\"https:\/\/cleopatra.travel\/fr\/#\/schema\/logo\/image\/\"},\"sameAs\":[\"https:\/\/www.facebook.com\/cleopatra.Haj\"]}]}<\/script>\n<!-- \/ Yoast SEO plugin. -->","yoast_head_json":{"title":"Politique de confidentialit\u00e9 - Cleopatra Travel","description":"La politique de confidentialit\u00e9 de Cleopatra Travel d\u00e9crit la mani\u00e8re dont les donn\u00e9es personnelles sont collect\u00e9es, utilis\u00e9es et prot\u00e9g\u00e9es sur sa plateforme, garantissant la confidentialit\u00e9 et la s\u00e9curit\u00e9 des utilisateurs.","robots":{"index":"index","follow":"follow","max-snippet":"max-snippet:-1","max-image-preview":"max-image-preview:large","max-video-preview":"max-video-preview:-1"},"canonical":"https:\/\/cleopatra.travel\/fr\/politique-de-confidentialite\/","og_locale":"fr_FR","og_type":"article","og_title":"Politique de confidentialit\u00e9 - Cleopatra Travel","og_description":"La politique de confidentialit\u00e9 de Cleopatra Travel d\u00e9crit la mani\u00e8re dont les donn\u00e9es personnelles sont collect\u00e9es, utilis\u00e9es et prot\u00e9g\u00e9es sur sa plateforme, garantissant la confidentialit\u00e9 et la s\u00e9curit\u00e9 des utilisateurs.","og_url":"https:\/\/cleopatra.travel\/fr\/politique-de-confidentialite\/","og_site_name":"Cleopatra Travel","article_publisher":"https:\/\/www.facebook.com\/cleopatra.Haj","twitter_card":"summary_large_image","twitter_misc":{"Dur\u00e9e de lecture estim\u00e9e":"4 minutes"},"schema":{"@context":"https:\/\/schema.org","@graph":[{"@type":"WebPage","@id":"https:\/\/cleopatra.travel\/fr\/politique-de-confidentialite\/","url":"https:\/\/cleopatra.travel\/fr\/politique-de-confidentialite\/","name":"Politique de confidentialit\u00e9 - Cleopatra Travel","isPartOf":{"@id":"https:\/\/cleopatra.travel\/fr\/#website"},"datePublished":"2023-11-23T05:45:35+00:00","dateModified":"2023-11-23T05:45:35+00:00","description":"La politique de confidentialit\u00e9 de Cleopatra Travel d\u00e9crit la mani\u00e8re dont les donn\u00e9es personnelles sont collect\u00e9es, utilis\u00e9es et prot\u00e9g\u00e9es sur sa plateforme, garantissant la confidentialit\u00e9 et la s\u00e9curit\u00e9 des utilisateurs.","breadcrumb":{"@id":"https:\/\/cleopatra.travel\/fr\/politique-de-confidentialite\/#breadcrumb"},"inLanguage":"fr-FR","potentialAction":[{"@type":"ReadAction","target":["https:\/\/cleopatra.travel\/fr\/politique-de-confidentialite\/"]}]},{"@type":"BreadcrumbList","@id":"https:\/\/cleopatra.travel\/fr\/politique-de-confidentialite\/#breadcrumb","itemListElement":[{"@type":"ListItem","position":1,"name":"Home","item":"https:\/\/cleopatra.travel\/fr\/"},{"@type":"ListItem","position":2,"name":"Politique de confidentialit\u00e9"}]},{"@type":"WebSite","@id":"https:\/\/cleopatra.travel\/fr\/#website","url":"https:\/\/cleopatra.travel\/fr\/","name":"Cleopatra Travel","description":"Travel\u00a0Agency in Egypt","publisher":{"@id":"https:\/\/cleopatra.travel\/fr\/#organization"},"potentialAction":[{"@type":"SearchAction","target":{"@type":"EntryPoint","urlTemplate":"https:\/\/cleopatra.travel\/fr\/?s={search_term_string}"},"query-input":"required name=search_term_string"}],"inLanguage":"fr-FR"},{"@type":"Organization","@id":"https:\/\/cleopatra.travel\/fr\/#organization","name":"Cleopatra Travel","url":"https:\/\/cleopatra.travel\/fr\/","logo":{"@type":"ImageObject","inLanguage":"fr-FR","@id":"https:\/\/cleopatra.travel\/fr\/#\/schema\/logo\/image\/","url":"https:\/\/cleopatra.travel\/wp-content\/uploads\/2023\/12\/Logo-2.jpg","contentUrl":"https:\/\/cleopatra.travel\/wp-content\/uploads\/2023\/12\/Logo-2.jpg","width":7680,"height":4614,"caption":"Cleopatra Travel"},"image":{"@id":"https:\/\/cleopatra.travel\/fr\/#\/schema\/logo\/image\/"},"sameAs":["https:\/\/www.facebook.com\/cleopatra.Haj"]}]}},"_links":{"self":[{"href":"https:\/\/cleopatra.travel\/fr\/wp-json\/wp\/v2\/pages\/848"}],"collection":[{"href":"https:\/\/cleopatra.travel\/fr\/wp-json\/wp\/v2\/pages"}],"about":[{"href":"https:\/\/cleopatra.travel\/fr\/wp-json\/wp\/v2\/types\/page"}],"author":[{"embeddable":true,"href":"https:\/\/cleopatra.travel\/fr\/wp-json\/wp\/v2\/users\/1"}],"replies":[{"embeddable":true,"href":"https:\/\/cleopatra.travel\/fr\/wp-json\/wp\/v2\/comments?post=848"}],"version-history":[{"count":0,"href":"https:\/\/cleopatra.travel\/fr\/wp-json\/wp\/v2\/pages\/848\/revisions"}],"wp:attachment":[{"href":"https:\/\/cleopatra.travel\/fr\/wp-json\/wp\/v2\/media?parent=848"}],"curies":[{"name":"wp","href":"https:\/\/api.w.org\/{rel}","templated":true}]}}