{"id":849,"date":"2023-11-23T08:10:03","date_gmt":"2023-11-23T08:10:03","guid":{"rendered":"https:\/\/cleopatra.travel\/services\/"},"modified":"2023-11-23T08:10:03","modified_gmt":"2023-11-23T08:10:03","slug":"services","status":"publish","type":"page","link":"https:\/\/cleopatra.travel\/fr\/services\/","title":{"rendered":"Services"},"content":{"rendered":"","protected":false},"excerpt":{"rendered":"","protected":false},"author":1,"featured_media":671,"parent":0,"menu_order":0,"comment_status":"closed","ping_status":"closed","template":"page-template\/services.php","meta":{"footnotes":""},"acf":[],"yoast_head":"<!-- This site is optimized with the Yoast SEO plugin v21.6 - https:\/\/yoast.com\/wordpress\/plugins\/seo\/ -->\n<title>Services - Agence de voyages \u00e0 Hurghada | Circuits d&#039;aventure au d\u00e9part de Charm el-Cheikh | Forfaits vacances abordables \u00e0 Hurghada | Cleopatra Travel<\/title>\n<meta name=\"description\" content=\"Profitez de forfaits de voyage abordables vers Charm el-Cheikh et Hurghada avec Cleopatra Travel. D\u00e9couvrez la beaut\u00e9 de l&#039;\u00c9gypte gr\u00e2ce \u00e0 nos forfaits vacances.\" \/>\n<meta name=\"robots\" content=\"index, follow, max-snippet:-1, max-image-preview:large, max-video-preview:-1\" \/>\n<link rel=\"canonical\" href=\"https:\/\/cleopatra.travel\/fr\/services\/\" \/>\n<meta property=\"og:locale\" content=\"fr_FR\" \/>\n<meta property=\"og:type\" content=\"article\" \/>\n<meta property=\"og:title\" content=\"Services - Agence de voyages \u00e0 Hurghada | Circuits d&#039;aventure au d\u00e9part de Charm el-Cheikh | Forfaits vacances abordables \u00e0 Hurghada | Cleopatra Travel\" \/>\n<meta property=\"og:description\" content=\"Profitez de forfaits de voyage abordables vers Charm el-Cheikh et Hurghada avec Cleopatra Travel. D\u00e9couvrez la beaut\u00e9 de l&#039;\u00c9gypte gr\u00e2ce \u00e0 nos forfaits vacances.\" \/>\n<meta property=\"og:url\" content=\"https:\/\/cleopatra.travel\/fr\/services\/\" \/>\n<meta property=\"og:site_name\" content=\"Cleopatra Travel\" \/>\n<meta property=\"article:publisher\" content=\"https:\/\/www.facebook.com\/cleopatra.Haj\" \/>\n<meta property=\"og:image\" content=\"https:\/\/cleopatra.travel\/wp-content\/uploads\/2023\/11\/service-img.jpg\" \/>\n\t<meta property=\"og:image:width\" content=\"2160\" \/>\n\t<meta property=\"og:image:height\" content=\"900\" \/>\n\t<meta property=\"og:image:type\" content=\"image\/jpeg\" \/>\n<meta name=\"twitter:card\" content=\"summary_large_image\" \/>\n<script type=\"application\/ld+json\" class=\"yoast-schema-graph\">{\"@context\":\"https:\/\/schema.org\",\"@graph\":[{\"@type\":\"WebPage\",\"@id\":\"https:\/\/cleopatra.travel\/fr\/services\/\",\"url\":\"https:\/\/cleopatra.travel\/fr\/services\/\",\"name\":\"Services - Agence de voyages \u00e0 Hurghada | Circuits d'aventure au d\u00e9part de Charm el-Cheikh | Forfaits vacances abordables \u00e0 Hurghada | Cleopatra Travel\",\"isPartOf\":{\"@id\":\"https:\/\/cleopatra.travel\/fr\/#website\"},\"datePublished\":\"2023-11-23T08:10:03+00:00\",\"dateModified\":\"2023-11-23T08:10:03+00:00\",\"description\":\"Profitez de forfaits de voyage abordables vers Charm el-Cheikh et Hurghada avec Cleopatra Travel. D\u00e9couvrez la beaut\u00e9 de l'\u00c9gypte gr\u00e2ce \u00e0 nos forfaits vacances.\",\"breadcrumb\":{\"@id\":\"https:\/\/cleopatra.travel\/fr\/services\/#breadcrumb\"},\"inLanguage\":\"fr-FR\",\"potentialAction\":[{\"@type\":\"ReadAction\",\"target\":[\"https:\/\/cleopatra.travel\/fr\/services\/\"]}]},{\"@type\":\"BreadcrumbList\",\"@id\":\"https:\/\/cleopatra.travel\/fr\/services\/#breadcrumb\",\"itemListElement\":[{\"@type\":\"ListItem\",\"position\":1,\"name\":\"Home\",\"item\":\"https:\/\/cleopatra.travel\/fr\/\"},{\"@type\":\"ListItem\",\"position\":2,\"name\":\"Services\"}]},{\"@type\":\"WebSite\",\"@id\":\"https:\/\/cleopatra.travel\/fr\/#website\",\"url\":\"https:\/\/cleopatra.travel\/fr\/\",\"name\":\"Cleopatra Travel\",\"description\":\"Travel\u00a0Agency in Egypt\",\"publisher\":{\"@id\":\"https:\/\/cleopatra.travel\/fr\/#organization\"},\"potentialAction\":[{\"@type\":\"SearchAction\",\"target\":{\"@type\":\"EntryPoint\",\"urlTemplate\":\"https:\/\/cleopatra.travel\/fr\/?s={search_term_string}\"},\"query-input\":\"required name=search_term_string\"}],\"inLanguage\":\"fr-FR\"},{\"@type\":\"Organization\",\"@id\":\"https:\/\/cleopatra.travel\/fr\/#organization\",\"name\":\"Cleopatra Travel\",\"url\":\"https:\/\/cleopatra.travel\/fr\/\",\"logo\":{\"@type\":\"ImageObject\",\"inLanguage\":\"fr-FR\",\"@id\":\"https:\/\/cleopatra.travel\/fr\/#\/schema\/logo\/image\/\",\"url\":\"https:\/\/cleopatra.travel\/wp-content\/uploads\/2023\/12\/Logo-2.jpg\",\"contentUrl\":\"https:\/\/cleopatra.travel\/wp-content\/uploads\/2023\/12\/Logo-2.jpg\",\"width\":7680,\"height\":4614,\"caption\":\"Cleopatra Travel\"},\"image\":{\"@id\":\"https:\/\/cleopatra.travel\/fr\/#\/schema\/logo\/image\/\"},\"sameAs\":[\"https:\/\/www.facebook.com\/cleopatra.Haj\"]}]}<\/script>\n<!-- \/ Yoast SEO plugin. -->","yoast_head_json":{"title":"Services - Agence de voyages \u00e0 Hurghada | Circuits d'aventure au d\u00e9part de Charm el-Cheikh | Forfaits vacances abordables \u00e0 Hurghada | Cleopatra Travel","description":"Profitez de forfaits de voyage abordables vers Charm el-Cheikh et Hurghada avec Cleopatra Travel. D\u00e9couvrez la beaut\u00e9 de l'\u00c9gypte gr\u00e2ce \u00e0 nos forfaits vacances.","robots":{"index":"index","follow":"follow","max-snippet":"max-snippet:-1","max-image-preview":"max-image-preview:large","max-video-preview":"max-video-preview:-1"},"canonical":"https:\/\/cleopatra.travel\/fr\/services\/","og_locale":"fr_FR","og_type":"article","og_title":"Services - Agence de voyages \u00e0 Hurghada | Circuits d'aventure au d\u00e9part de Charm el-Cheikh | Forfaits vacances abordables \u00e0 Hurghada | Cleopatra Travel","og_description":"Profitez de forfaits de voyage abordables vers Charm el-Cheikh et Hurghada avec Cleopatra Travel. D\u00e9couvrez la beaut\u00e9 de l'\u00c9gypte gr\u00e2ce \u00e0 nos forfaits vacances.","og_url":"https:\/\/cleopatra.travel\/fr\/services\/","og_site_name":"Cleopatra Travel","article_publisher":"https:\/\/www.facebook.com\/cleopatra.Haj","og_image":[{"width":2160,"height":900,"url":"https:\/\/cleopatra.travel\/wp-content\/uploads\/2023\/11\/service-img.jpg","type":"image\/jpeg"}],"twitter_card":"summary_large_image","schema":{"@context":"https:\/\/schema.org","@graph":[{"@type":"WebPage","@id":"https:\/\/cleopatra.travel\/fr\/services\/","url":"https:\/\/cleopatra.travel\/fr\/services\/","name":"Services - Agence de voyages \u00e0 Hurghada | Circuits d'aventure au d\u00e9part de Charm el-Cheikh | Forfaits vacances abordables \u00e0 Hurghada | Cleopatra Travel","isPartOf":{"@id":"https:\/\/cleopatra.travel\/fr\/#website"},"datePublished":"2023-11-23T08:10:03+00:00","dateModified":"2023-11-23T08:10:03+00:00","description":"Profitez de forfaits de voyage abordables vers Charm el-Cheikh et Hurghada avec Cleopatra Travel. D\u00e9couvrez la beaut\u00e9 de l'\u00c9gypte gr\u00e2ce \u00e0 nos forfaits vacances.","breadcrumb":{"@id":"https:\/\/cleopatra.travel\/fr\/services\/#breadcrumb"},"inLanguage":"fr-FR","potentialAction":[{"@type":"ReadAction","target":["https:\/\/cleopatra.travel\/fr\/services\/"]}]},{"@type":"BreadcrumbList","@id":"https:\/\/cleopatra.travel\/fr\/services\/#breadcrumb","itemListElement":[{"@type":"ListItem","position":1,"name":"Home","item":"https:\/\/cleopatra.travel\/fr\/"},{"@type":"ListItem","position":2,"name":"Services"}]},{"@type":"WebSite","@id":"https:\/\/cleopatra.travel\/fr\/#website","url":"https:\/\/cleopatra.travel\/fr\/","name":"Cleopatra Travel","description":"Travel\u00a0Agency in Egypt","publisher":{"@id":"https:\/\/cleopatra.travel\/fr\/#organization"},"potentialAction":[{"@type":"SearchAction","target":{"@type":"EntryPoint","urlTemplate":"https:\/\/cleopatra.travel\/fr\/?s={search_term_string}"},"query-input":"required name=search_term_string"}],"inLanguage":"fr-FR"},{"@type":"Organization","@id":"https:\/\/cleopatra.travel\/fr\/#organization","name":"Cleopatra Travel","url":"https:\/\/cleopatra.travel\/fr\/","logo":{"@type":"ImageObject","inLanguage":"fr-FR","@id":"https:\/\/cleopatra.travel\/fr\/#\/schema\/logo\/image\/","url":"https:\/\/cleopatra.travel\/wp-content\/uploads\/2023\/12\/Logo-2.jpg","contentUrl":"https:\/\/cleopatra.travel\/wp-content\/uploads\/2023\/12\/Logo-2.jpg","width":7680,"height":4614,"caption":"Cleopatra Travel"},"image":{"@id":"https:\/\/cleopatra.travel\/fr\/#\/schema\/logo\/image\/"},"sameAs":["https:\/\/www.facebook.com\/cleopatra.Haj"]}]}},"_links":{"self":[{"href":"https:\/\/cleopatra.travel\/fr\/wp-json\/wp\/v2\/pages\/849"}],"collection":[{"href":"https:\/\/cleopatra.travel\/fr\/wp-json\/wp\/v2\/pages"}],"about":[{"href":"https:\/\/cleopatra.travel\/fr\/wp-json\/wp\/v2\/types\/page"}],"author":[{"embeddable":true,"href":"https:\/\/cleopatra.travel\/fr\/wp-json\/wp\/v2\/users\/1"}],"replies":[{"embeddable":true,"href":"https:\/\/cleopatra.travel\/fr\/wp-json\/wp\/v2\/comments?post=849"}],"version-history":[{"count":0,"href":"https:\/\/cleopatra.travel\/fr\/wp-json\/wp\/v2\/pages\/849\/revisions"}],"wp:featuredmedia":[{"embeddable":true,"href":"https:\/\/cleopatra.travel\/fr\/wp-json\/wp\/v2\/media\/671"}],"wp:attachment":[{"href":"https:\/\/cleopatra.travel\/fr\/wp-json\/wp\/v2\/media?parent=849"}],"curies":[{"name":"wp","href":"https:\/\/api.w.org\/{rel}","templated":true}]}}