{"id":510,"date":"2023-11-24T12:19:28","date_gmt":"2023-11-24T12:19:28","guid":{"rendered":"https:\/\/cleopatra.travel\/termini-e-condizioni\/"},"modified":"2023-11-24T12:19:28","modified_gmt":"2023-11-24T12:19:28","slug":"termini-e-condizioni","status":"publish","type":"page","link":"https:\/\/cleopatra.travel\/it\/termini-e-condizioni\/","title":{"rendered":"Termini e condizioni"},"content":{"rendered":"<h3><strong> <\/strong><strong><u>Pagamento:<\/u><\/strong><\/h3>\n<p>Dopo aver inviato la tua richiesta, il rappresentante dell&#8217;azienda discuter\u00e0 e definir\u00e0 l&#8217;accordo finale con te e ti invier\u00e0 la conferma definitiva. Il 50% deve essere pagato 48 ore prima dell&#8217;arrivo e l&#8217;altro 50% verr\u00e0 depositato dopo la conferma. dovrai quindi confermare questi dettagli ed effettuare il deposito\/pagamento corretto. Come concordato nei tuoi dettagli, tramite carta di credito o sul conto aziendale tramite bonifico bancario, e il tuo posto sar\u00e0 automaticamente assicurato.<\/p>\n<h3><strong><u>Politica di cancellazione (esclusi i periodi di alta stagione)<\/u><\/strong><\/h3>\n<ul>\n<li><strong>Nel caso in cui decidessi di cancellare il tuo viaggio, verranno applicate le seguenti penali:<br \/>\n<\/strong>&#8211; Dalla data di prenotazione fino a 61 giorni prima della data di arrivo, verr\u00e0 addebitato il 15% dell&#8217;intero prezzo del tour.<br \/>\n&#8211; 35% del prezzo del tour in caso di cancellazione tra 61 e 90 giorni prima dell&#8217;arrivo.<br \/>\n&#8211; 50% del prezzo del tour in caso di cancellazione tra 60 e 41 giorni prima dell&#8217;arrivo.<br \/>\n&#8211; 100% del prezzo del tour in caso di cancellazione a meno di 40 giorni dall&#8217;arrivo.<br \/>\nInoltre, le commissioni addebitate dalle compagnie aeree sono soggette ai termini e alle condizioni delle stesse, ed \u00e8 prevista anche una commissione bancaria del 5% sui rimborsi.<\/li>\n<\/ul>\n<h3><strong><u>Penali di cancellazione per le vacanze di Natale, Capodanno e Pasqua<\/u><\/strong><\/h3>\n<p>Nel caso in cui decidessi di cancellare il tuo viaggio, verranno applicate le seguenti penali:<br \/>\n&#8211; Dalla data di prenotazione fino a 60 giorni prima della data di arrivo, verr\u00e0 addebitato il 25% dell&#8217;intero prezzo del tour.<br \/>\n&#8211; 100% del prezzo del tour in caso di cancellazione a 60 giorni dall&#8217;arrivo.<br \/>\nInoltre, le commissioni addebitate dalle compagnie aeree sono soggette ai termini e alle condizioni delle stesse, ed \u00e8 prevista anche una commissione bancaria del 5% sui rimborsi.<\/p>\n<h4><strong><u>Rimborsi:<\/u><\/strong><\/h4>\n<p>In caso di rimborso, lo riaccrediteremo utilizzando lo stesso metodo usato per il pagamento originale. Se non ti presenti per la tua prenotazione, non potremo concederti alcun rimborso. Deduciamo inoltre una commissione bancaria del 5% da tutti i rimborsi.<\/p>\n<h4><strong><em><u>\u201cForza Maggiore\u201d:<\/u><\/em><\/strong><\/h4>\n<p>Mettiamo il tuo benessere e la tua sicurezza al di sopra di ogni altra cosa e, per questo motivo, abbiamo adattato la nostra politica di cancellazione per riflettere i nostri valori. offriamo una politica di cancellazione molto flessibile nel caso in cui il governo egiziano o le compagnie aeree emettano un avviso di non viaggiare verso la destinazione designata. In questo caso, ti rimborseremo l&#8217;importo pagato per il pacchetto turistico o, in alcuni casi, il tuo pagamento sar\u00e0 disponibile come credito di viaggio futuro e voucher di viaggio utilizzabile per una qualsiasi delle destinazioni in cui operiamo i nostri tour. hai la flessibilit\u00e0 di applicare questo importo ai nuovi servizi di viaggio prenotati. le prenotazioni verranno aggiornate per riflettere automaticamente questi crediti di viaggio. vengono addebitate solo le spese di cancellazione\/modifica del volo, in base ai termini e alle condizioni della compagnia aerea; le commissioni bancarie vengono applicate all&#8217;importo del deposito versato.<\/p>\n<h3><strong><u>Sistemazione:<\/u><\/strong><\/h3>\n<p>I prezzi si intendono per due persone in camera condivisa. Le camere singole sono disponibili con un costo aggiuntivo. Scegliamo gli hotel in base alla loro qualit\u00e0. in alcuni casi i prezzi possono subire variazioni.<\/p>\n<h3><strong><u>Modifiche: <\/u><\/strong><\/h3>\n<p>Qualsiasi modifica richiesta dal cliente sar\u00e0 soggetta a disponibilit\u00e0.<\/p>\n<h3><strong><u>Servizi non usufruiti: <\/u><\/strong><\/h3>\n<p>Non sar\u00e0 effettuato alcun rimborso per pasti, visite guidate o altri servizi non usufruiti.<\/p>\n<h3><strong><u>Richieste speciali:<\/u><\/strong><\/h3>\n<p>Se il cliente ha delle richieste speciali, deve informare l&#8217;azienda al momento della prenotazione. L&#8217;azienda e i suoi fornitori cercheranno di soddisfare tali richieste ma, poich\u00e9 queste non fanno parte del contratto, l&#8217;azienda non garantisce di poterlo fare, inclusi i posti prenotabili in anticipo. Se l&#8217;azienda conferma che una richiesta speciale \u00e8 stata annotata o trasmessa al fornitore, o vi fa riferimento nella fattura di conferma o altrove, ci\u00f2 non costituisce una garanzia di adempimento. Il cliente non ricever\u00e0 una notifica specifica se una richiesta speciale non pu\u00f2 essere soddisfatta. L&#8217;azienda non accetta prenotazioni condizionate al soddisfacimento di una qualsiasi richiesta speciale.<\/p>\n<h3><strong> <\/strong><strong><u>Accettazione dell&#8217;accordo: <\/u><\/strong><\/h3>\n<p>Il contratto costituito dall&#8217;accettazione della prenotazione del cliente da parte dell&#8217;azienda, soggetto alle presenti condizioni di prenotazione, costituisce l&#8217;intero accordo tra il cliente e l&#8217;azienda. il pagamento di un deposito o il pagamento finale tramite bonifico bancario indica che i partecipanti al tour hanno letto e accettato tutti i termini e le condizioni e accettano di rispettarli.<\/p>\n<h3><strong><u>Politica bambini (bambino in camera con i genitori)<\/u><\/strong><\/h3>\n<ul>\n<li><u><strong><em>Politica 1<\/em><\/strong>: <\/u>per pacchetti, crociere sul Nilo e hotel<br \/>\nSotto i 2 anni: gratis<br \/>\nSotto i 6 anni: 25% del costo totale del tour per un adulto<br \/>\nSotto i 12 anni: 50% del costo totale del tour per un adulto<br \/>\nTutti i bambini dai 12 anni in su sono considerati adulti.<br \/>\nSe il tuo pacchetto turistico include voli, potrebbe essere applicato un supplemento extra per il bambino. Questa politica \u00e8 valida per un massimo di un bambino in camera con i genitori.<\/li>\n<li><strong><em><u>Politica 2<\/u><\/em><\/strong><strong>: <\/strong>per visite guidate ed escursioni a terra<br \/>\nSotto i 6 anni: gratis<br \/>\nSotto i 12 anni: 50% del costo totale del tour per un adulto<br \/>\nTutti i bambini dai 12 anni in su sono considerati adulti.<br \/>\nSe le tue visite guidate includono voli nazionali o traghetti, potrebbe essere applicato un supplemento extra per il bambino.<\/li>\n<\/ul>\n<h3><strong><u>Reclami<\/u><\/strong><\/h3>\n<p>Se hai dei reclami mentre sei in tour, ti preghiamo di informare immediatamente il tuo capogruppo, poich\u00e9 la maggior parte dei problemi pu\u00f2 essere risolta rapidamente. Se ritieni che il problema persista, chiama il Responsabile del Servizio Clienti mentre sei ancora in tour; dopo il tuo ritorno a casa, se non sei ancora soddisfatto del servizio ricevuto, devi scrivere alla Direzione del Servizio Clienti.<\/p>\n<p>&nbsp;<\/p>\n","protected":false},"excerpt":{"rendered":"<p>Pagamento: Dopo aver inviato la tua richiesta, il rappresentante dell&#8217;azienda discuter\u00e0 e definir\u00e0 l&#8217;accordo finale con te e ti invier\u00e0 la conferma definitiva. Il 50% deve essere pagato 48 ore prima dell&#8217;arrivo e l&#8217;altro 50% verr\u00e0 depositato dopo la conferma. dovrai quindi confermare questi dettagli ed effettuare il deposito\/pagamento corretto. Come concordato nei tuoi dettagli, [&hellip;]<\/p>\n","protected":false},"author":1,"featured_media":0,"parent":0,"menu_order":0,"comment_status":"closed","ping_status":"closed","template":"","meta":{"footnotes":""},"acf":[],"yoast_head":"<!-- This site is optimized with the Yoast SEO plugin v21.6 - https:\/\/yoast.com\/wordpress\/plugins\/seo\/ -->\n<title>Termini e condizioni - Cleopatra Travel<\/title>\n<meta name=\"description\" content=\"I termini e le condizioni di Cleopatra Travel illustrano le politiche per prenotazioni, cancellazioni, rimborsi e altro ancora. Controlla prima di prenotare la tua prossima avventura!\" \/>\n<meta name=\"robots\" content=\"index, follow, max-snippet:-1, max-image-preview:large, max-video-preview:-1\" \/>\n<link rel=\"canonical\" href=\"https:\/\/cleopatra.travel\/it\/termini-e-condizioni\/\" \/>\n<meta property=\"og:locale\" content=\"it_IT\" \/>\n<meta property=\"og:type\" content=\"article\" \/>\n<meta property=\"og:title\" content=\"Termini e condizioni - Cleopatra Travel\" \/>\n<meta property=\"og:description\" content=\"I termini e le condizioni di Cleopatra Travel illustrano le politiche per prenotazioni, cancellazioni, rimborsi e altro ancora. Controlla prima di prenotare la tua prossima avventura!\" \/>\n<meta property=\"og:url\" content=\"https:\/\/cleopatra.travel\/it\/termini-e-condizioni\/\" \/>\n<meta property=\"og:site_name\" content=\"Cleopatra Travel\" \/>\n<meta property=\"article:publisher\" content=\"https:\/\/www.facebook.com\/cleopatra.Haj\" \/>\n<meta name=\"twitter:card\" content=\"summary_large_image\" \/>\n<meta name=\"twitter:label1\" content=\"Tempo di lettura stimato\" \/>\n\t<meta name=\"twitter:data1\" content=\"4 minutes\" \/>\n<script type=\"application\/ld+json\" class=\"yoast-schema-graph\">{\"@context\":\"https:\/\/schema.org\",\"@graph\":[{\"@type\":\"WebPage\",\"@id\":\"https:\/\/cleopatra.travel\/it\/termini-e-condizioni\/\",\"url\":\"https:\/\/cleopatra.travel\/it\/termini-e-condizioni\/\",\"name\":\"Termini e condizioni - Cleopatra Travel\",\"isPartOf\":{\"@id\":\"https:\/\/cleopatra.travel\/it\/#website\"},\"datePublished\":\"2023-11-24T12:19:28+00:00\",\"dateModified\":\"2023-11-24T12:19:28+00:00\",\"description\":\"I termini e le condizioni di Cleopatra Travel illustrano le politiche per prenotazioni, cancellazioni, rimborsi e altro ancora. Controlla prima di prenotare la tua prossima avventura!\",\"breadcrumb\":{\"@id\":\"https:\/\/cleopatra.travel\/it\/termini-e-condizioni\/#breadcrumb\"},\"inLanguage\":\"it-IT\",\"potentialAction\":[{\"@type\":\"ReadAction\",\"target\":[\"https:\/\/cleopatra.travel\/it\/termini-e-condizioni\/\"]}]},{\"@type\":\"BreadcrumbList\",\"@id\":\"https:\/\/cleopatra.travel\/it\/termini-e-condizioni\/#breadcrumb\",\"itemListElement\":[{\"@type\":\"ListItem\",\"position\":1,\"name\":\"Home\",\"item\":\"https:\/\/cleopatra.travel\/it\/home\/\"},{\"@type\":\"ListItem\",\"position\":2,\"name\":\"Termini e condizioni\"}]},{\"@type\":\"WebSite\",\"@id\":\"https:\/\/cleopatra.travel\/it\/#website\",\"url\":\"https:\/\/cleopatra.travel\/it\/\",\"name\":\"Cleopatra Travel\",\"description\":\"Travel\u00a0Agency in Egypt\",\"publisher\":{\"@id\":\"https:\/\/cleopatra.travel\/it\/#organization\"},\"potentialAction\":[{\"@type\":\"SearchAction\",\"target\":{\"@type\":\"EntryPoint\",\"urlTemplate\":\"https:\/\/cleopatra.travel\/it\/?s={search_term_string}\"},\"query-input\":\"required name=search_term_string\"}],\"inLanguage\":\"it-IT\"},{\"@type\":\"Organization\",\"@id\":\"https:\/\/cleopatra.travel\/it\/#organization\",\"name\":\"Cleopatra Travel\",\"url\":\"https:\/\/cleopatra.travel\/it\/\",\"logo\":{\"@type\":\"ImageObject\",\"inLanguage\":\"it-IT\",\"@id\":\"https:\/\/cleopatra.travel\/it\/#\/schema\/logo\/image\/\",\"url\":\"https:\/\/cleopatra.travel\/wp-content\/uploads\/2023\/12\/Logo-2.jpg\",\"contentUrl\":\"https:\/\/cleopatra.travel\/wp-content\/uploads\/2023\/12\/Logo-2.jpg\",\"width\":7680,\"height\":4614,\"caption\":\"Cleopatra Travel\"},\"image\":{\"@id\":\"https:\/\/cleopatra.travel\/it\/#\/schema\/logo\/image\/\"},\"sameAs\":[\"https:\/\/www.facebook.com\/cleopatra.Haj\"]}]}<\/script>\n<!-- \/ Yoast SEO plugin. -->","yoast_head_json":{"title":"Termini e condizioni - Cleopatra Travel","description":"I termini e le condizioni di Cleopatra Travel illustrano le politiche per prenotazioni, cancellazioni, rimborsi e altro ancora. Controlla prima di prenotare la tua prossima avventura!","robots":{"index":"index","follow":"follow","max-snippet":"max-snippet:-1","max-image-preview":"max-image-preview:large","max-video-preview":"max-video-preview:-1"},"canonical":"https:\/\/cleopatra.travel\/it\/termini-e-condizioni\/","og_locale":"it_IT","og_type":"article","og_title":"Termini e condizioni - Cleopatra Travel","og_description":"I termini e le condizioni di Cleopatra Travel illustrano le politiche per prenotazioni, cancellazioni, rimborsi e altro ancora. Controlla prima di prenotare la tua prossima avventura!","og_url":"https:\/\/cleopatra.travel\/it\/termini-e-condizioni\/","og_site_name":"Cleopatra Travel","article_publisher":"https:\/\/www.facebook.com\/cleopatra.Haj","twitter_card":"summary_large_image","twitter_misc":{"Tempo di lettura stimato":"4 minutes"},"schema":{"@context":"https:\/\/schema.org","@graph":[{"@type":"WebPage","@id":"https:\/\/cleopatra.travel\/it\/termini-e-condizioni\/","url":"https:\/\/cleopatra.travel\/it\/termini-e-condizioni\/","name":"Termini e condizioni - Cleopatra Travel","isPartOf":{"@id":"https:\/\/cleopatra.travel\/it\/#website"},"datePublished":"2023-11-24T12:19:28+00:00","dateModified":"2023-11-24T12:19:28+00:00","description":"I termini e le condizioni di Cleopatra Travel illustrano le politiche per prenotazioni, cancellazioni, rimborsi e altro ancora. Controlla prima di prenotare la tua prossima avventura!","breadcrumb":{"@id":"https:\/\/cleopatra.travel\/it\/termini-e-condizioni\/#breadcrumb"},"inLanguage":"it-IT","potentialAction":[{"@type":"ReadAction","target":["https:\/\/cleopatra.travel\/it\/termini-e-condizioni\/"]}]},{"@type":"BreadcrumbList","@id":"https:\/\/cleopatra.travel\/it\/termini-e-condizioni\/#breadcrumb","itemListElement":[{"@type":"ListItem","position":1,"name":"Home","item":"https:\/\/cleopatra.travel\/it\/home\/"},{"@type":"ListItem","position":2,"name":"Termini e condizioni"}]},{"@type":"WebSite","@id":"https:\/\/cleopatra.travel\/it\/#website","url":"https:\/\/cleopatra.travel\/it\/","name":"Cleopatra Travel","description":"Travel\u00a0Agency in Egypt","publisher":{"@id":"https:\/\/cleopatra.travel\/it\/#organization"},"potentialAction":[{"@type":"SearchAction","target":{"@type":"EntryPoint","urlTemplate":"https:\/\/cleopatra.travel\/it\/?s={search_term_string}"},"query-input":"required name=search_term_string"}],"inLanguage":"it-IT"},{"@type":"Organization","@id":"https:\/\/cleopatra.travel\/it\/#organization","name":"Cleopatra Travel","url":"https:\/\/cleopatra.travel\/it\/","logo":{"@type":"ImageObject","inLanguage":"it-IT","@id":"https:\/\/cleopatra.travel\/it\/#\/schema\/logo\/image\/","url":"https:\/\/cleopatra.travel\/wp-content\/uploads\/2023\/12\/Logo-2.jpg","contentUrl":"https:\/\/cleopatra.travel\/wp-content\/uploads\/2023\/12\/Logo-2.jpg","width":7680,"height":4614,"caption":"Cleopatra Travel"},"image":{"@id":"https:\/\/cleopatra.travel\/it\/#\/schema\/logo\/image\/"},"sameAs":["https:\/\/www.facebook.com\/cleopatra.Haj"]}]}},"_links":{"self":[{"href":"https:\/\/cleopatra.travel\/it\/wp-json\/wp\/v2\/pages\/510"}],"collection":[{"href":"https:\/\/cleopatra.travel\/it\/wp-json\/wp\/v2\/pages"}],"about":[{"href":"https:\/\/cleopatra.travel\/it\/wp-json\/wp\/v2\/types\/page"}],"author":[{"embeddable":true,"href":"https:\/\/cleopatra.travel\/it\/wp-json\/wp\/v2\/users\/1"}],"replies":[{"embeddable":true,"href":"https:\/\/cleopatra.travel\/it\/wp-json\/wp\/v2\/comments?post=510"}],"version-history":[{"count":0,"href":"https:\/\/cleopatra.travel\/it\/wp-json\/wp\/v2\/pages\/510\/revisions"}],"wp:attachment":[{"href":"https:\/\/cleopatra.travel\/it\/wp-json\/wp\/v2\/media?parent=510"}],"curies":[{"name":"wp","href":"https:\/\/api.w.org\/{rel}","templated":true}]}}